{"id":820,"date":"2023-10-17T11:16:24","date_gmt":"2023-10-17T11:16:24","guid":{"rendered":"https:\/\/cssbelts.de\/?page_id=820"},"modified":"2023-10-20T14:22:28","modified_gmt":"2023-10-20T14:22:28","slug":"filtration","status":"publish","type":"page","link":"https:\/\/cssbelts.de\/en\/filtration\/","title":{"rendered":"Filtration"},"content":{"rendered":"<div data-elementor-type=\"wp-page\" data-elementor-id=\"820\" class=\"elementor elementor-820\" data-elementor-post-type=\"page\">\n\t\t\t\t\t\t<section class=\"elementor-section elementor-top-section elementor-element elementor-element-7b93aaa6 elementor-section-boxed elementor-section-height-default elementor-section-height-default\" data-id=\"7b93aaa6\" data-element_type=\"section\" data-e-type=\"section\" data-settings=\"{&quot;background_background&quot;:&quot;classic&quot;,&quot;shape_divider_bottom&quot;:&quot;triangle&quot;,&quot;shape_divider_bottom_negative&quot;:&quot;yes&quot;}\">\n\t\t\t\t\t\t\t<div class=\"elementor-background-overlay\"><\/div>\n\t\t\t\t\t\t<div class=\"elementor-shape elementor-shape-bottom\" aria-hidden=\"true\" data-negative=\"true\">\n\t\t\t<svg xmlns=\"http:\/\/www.w3.org\/2000\/svg\" viewbox=\"0 0 1000 100\" preserveaspectratio=\"none\">\n\t<path class=\"elementor-shape-fill\" d=\"M500.2,94.7L0,0v100h1000V0L500.2,94.7z\"\/>\n<\/svg>\t\t<\/div>\n\t\t\t\t\t<div class=\"elementor-container elementor-column-gap-default\">\n\t\t\t\t\t<div class=\"elementor-column elementor-col-100 elementor-top-column elementor-element elementor-element-5319872e\" data-id=\"5319872e\" data-element_type=\"column\" data-e-type=\"column\">\n\t\t\t<div class=\"elementor-widget-wrap elementor-element-populated\">\n\t\t\t\t\t\t<div class=\"elementor-element elementor-element-76be0bd5 elementor-widget elementor-widget-heading\" data-id=\"76be0bd5\" data-element_type=\"widget\" data-e-type=\"widget\" data-widget_type=\"heading.default\">\n\t\t\t\t<div class=\"elementor-widget-container\">\n\t\t\t\t\t<h2 class=\"elementor-heading-title elementor-size-default\">High-quality wire belts for the area<\/h2>\t\t\t\t<\/div>\n\t\t\t\t<\/div>\n\t\t\t\t<div class=\"elementor-element elementor-element-2a911110 elementor-widget elementor-widget-heading\" data-id=\"2a911110\" data-element_type=\"widget\" data-e-type=\"widget\" data-widget_type=\"heading.default\">\n\t\t\t\t<div class=\"elementor-widget-container\">\n\t\t\t\t\t<h1 class=\"elementor-heading-title elementor-size-default\">Filtration<\/h1>\t\t\t\t<\/div>\n\t\t\t\t<\/div>\n\t\t\t\t<div class=\"elementor-element elementor-element-4f20cf43 elementor-widget elementor-widget-button\" data-id=\"4f20cf43\" data-element_type=\"widget\" data-e-type=\"widget\" data-widget_type=\"button.default\">\n\t\t\t\t<div class=\"elementor-widget-container\">\n\t\t\t\t\t\t\t\t\t<div class=\"elementor-button-wrapper\">\n\t\t\t\t\t<a class=\"elementor-button elementor-button-link elementor-size-sm\" href=\"#produkte\">\n\t\t\t\t\t\t<span class=\"elementor-button-content-wrapper\">\n\t\t\t\t\t\t\t\t\t<span class=\"elementor-button-text\">Our products<\/span>\n\t\t\t\t\t<\/span>\n\t\t\t\t\t<\/a>\n\t\t\t\t<\/div>\n\t\t\t\t\t\t\t\t<\/div>\n\t\t\t\t<\/div>\n\t\t\t\t<div class=\"elementor-element elementor-element-4d0625f elementor-widget elementor-widget-spacer\" data-id=\"4d0625f\" data-element_type=\"widget\" data-e-type=\"widget\" data-widget_type=\"spacer.default\">\n\t\t\t\t<div class=\"elementor-widget-container\">\n\t\t\t\t\t\t\t<div class=\"elementor-spacer\">\n\t\t\t<div class=\"elementor-spacer-inner\"><\/div>\n\t\t<\/div>\n\t\t\t\t\t\t<\/div>\n\t\t\t\t<\/div>\n\t\t\t\t\t<\/div>\n\t\t<\/div>\n\t\t\t\t\t<\/div>\n\t\t<\/section>\n\t\t\t\t<section class=\"elementor-section elementor-top-section elementor-element elementor-element-a653516 elementor-section-boxed elementor-section-height-default elementor-section-height-default\" data-id=\"a653516\" data-element_type=\"section\" data-e-type=\"section\">\n\t\t\t\t\t\t<div class=\"elementor-container elementor-column-gap-default\">\n\t\t\t\t\t<div class=\"elementor-column elementor-col-100 elementor-top-column elementor-element elementor-element-d1f1c20\" data-id=\"d1f1c20\" data-element_type=\"column\" data-e-type=\"column\">\n\t\t\t<div class=\"elementor-widget-wrap elementor-element-populated\">\n\t\t\t\t\t\t<div class=\"elementor-element elementor-element-185005e elementor-widget elementor-widget-spacer\" data-id=\"185005e\" data-element_type=\"widget\" data-e-type=\"widget\" data-widget_type=\"spacer.default\">\n\t\t\t\t<div class=\"elementor-widget-container\">\n\t\t\t\t\t\t\t<div class=\"elementor-spacer\">\n\t\t\t<div class=\"elementor-spacer-inner\"><\/div>\n\t\t<\/div>\n\t\t\t\t\t\t<\/div>\n\t\t\t\t<\/div>\n\t\t\t\t<div class=\"elementor-element elementor-element-5fb82c8 elementor-widget elementor-widget-heading\" data-id=\"5fb82c8\" data-element_type=\"widget\" data-e-type=\"widget\" data-widget_type=\"heading.default\">\n\t\t\t\t<div class=\"elementor-widget-container\">\n\t\t\t\t\t<h2 class=\"elementor-heading-title elementor-size-default\">Efficient solutions for clean and clear water<\/h2>\t\t\t\t<\/div>\n\t\t\t\t<\/div>\n\t\t\t\t<div class=\"elementor-element elementor-element-15d5a2b elementor-widget elementor-widget-text-editor\" data-id=\"15d5a2b\" data-element_type=\"widget\" data-e-type=\"widget\" data-widget_type=\"text-editor.default\">\n\t\t\t\t<div class=\"elementor-widget-container\">\n\t\t\t\t\t\t\t\t\t<div class=\"flex-col gap-1 md:gap-3\">In the world of <strong>Filtration<\/strong> wire conveyor belts are indispensable tools that contribute to this, <strong>remove impurities from liquids and gases<\/strong> and clean, clear water. These specialized belts are made of a high-quality wire mesh and offer a variety of benefits that make them a preferred choice in the <strong>Filtration industry<\/strong> make.<br \/><br \/><\/div><div>Their precise filtration, high <strong>Load capacity<\/strong>, <strong>Customizability<\/strong> and <strong>Ease of maintenance<\/strong> make them a reliable and cost-effective solution for companies that focus on quality and efficiency in filtration. From the <strong>Environmental treatment<\/strong> up to the <strong>Pharmacy<\/strong> wire conveyor belts are an important component of the <strong>Filtration processes<\/strong> worldwide.<\/div>\t\t\t\t\t\t\t\t<\/div>\n\t\t\t\t<\/div>\n\t\t\t\t<div class=\"elementor-element elementor-element-537c0cc elementor-widget elementor-widget-spacer\" data-id=\"537c0cc\" data-element_type=\"widget\" data-e-type=\"widget\" data-widget_type=\"spacer.default\">\n\t\t\t\t<div class=\"elementor-widget-container\">\n\t\t\t\t\t\t\t<div class=\"elementor-spacer\">\n\t\t\t<div class=\"elementor-spacer-inner\"><\/div>\n\t\t<\/div>\n\t\t\t\t\t\t<\/div>\n\t\t\t\t<\/div>\n\t\t\t\t\t<\/div>\n\t\t<\/div>\n\t\t\t\t\t<\/div>\n\t\t<\/section>\n\t\t\t\t<section class=\"elementor-section elementor-top-section elementor-element elementor-element-0920acb elementor-section-boxed elementor-section-height-default elementor-section-height-default\" data-id=\"0920acb\" data-element_type=\"section\" data-e-type=\"section\" data-settings=\"{&quot;background_background&quot;:&quot;classic&quot;}\">\n\t\t\t\t\t\t<div class=\"elementor-container elementor-column-gap-default\">\n\t\t\t\t\t<div class=\"elementor-column elementor-col-100 elementor-top-column elementor-element elementor-element-1b4eff9\" data-id=\"1b4eff9\" data-element_type=\"column\" data-e-type=\"column\">\n\t\t\t<div class=\"elementor-widget-wrap elementor-element-populated\">\n\t\t\t\t\t\t<div class=\"elementor-element elementor-element-c0b2053 elementor-widget elementor-widget-spacer\" data-id=\"c0b2053\" data-element_type=\"widget\" data-e-type=\"widget\" data-widget_type=\"spacer.default\">\n\t\t\t\t<div class=\"elementor-widget-container\">\n\t\t\t\t\t\t\t<div class=\"elementor-spacer\">\n\t\t\t<div class=\"elementor-spacer-inner\"><\/div>\n\t\t<\/div>\n\t\t\t\t\t\t<\/div>\n\t\t\t\t<\/div>\n\t\t\t\t<div class=\"elementor-element elementor-element-7c0e7fb elementor-widget elementor-widget-menu-anchor\" data-id=\"7c0e7fb\" data-element_type=\"widget\" data-e-type=\"widget\" data-widget_type=\"menu-anchor.default\">\n\t\t\t\t<div class=\"elementor-widget-container\">\n\t\t\t\t\t\t\t<div class=\"elementor-menu-anchor\" id=\"produkte\"><\/div>\n\t\t\t\t\t\t<\/div>\n\t\t\t\t<\/div>\n\t\t\t\t<div class=\"elementor-element elementor-element-560980a elementor-widget elementor-widget-heading\" data-id=\"560980a\" data-element_type=\"widget\" data-e-type=\"widget\" data-widget_type=\"heading.default\">\n\t\t\t\t<div class=\"elementor-widget-container\">\n\t\t\t\t\t<h2 class=\"elementor-heading-title elementor-size-default\">Our products for your industry<\/h2>\t\t\t\t<\/div>\n\t\t\t\t<\/div>\n\t\t\t\t<div class=\"elementor-element elementor-element-3a6cee7 elementor-widget elementor-widget-eael-woo-product-carousel\" data-id=\"3a6cee7\" data-element_type=\"widget\" data-e-type=\"widget\" data-widget_type=\"eael-woo-product-carousel.default\">\n\t\t\t\t<div class=\"elementor-widget-container\">\n\t\t\t\t\t\n        <div class=\"swiper-container-wrap eael-woo-product-carousel-container preset-1 swiper-container-wrap-dots-outside\" id=\"eael-product-carousel-3a6cee7\" data-widget-id=\"3a6cee7\" >\n            <div class=\"woocommerce eael-woo-product-carousel eael-product-appender-3a6cee7 eael-hide-buttons swiper swiper-8 swiper-container-3a6cee7\" data-pagination=\".swiper-pagination-3a6cee7\" data-arrow-next=\".swiper-button-next-3a6cee7\" data-arrow-prev=\".swiper-button-prev-3a6cee7\" data-type=\"preset-1\" data-effect=\"coverflow\" data-depth=\"100\" data-rotate=\"50\" data-stretch=\"10\" data-margin=\"10\" data-speed=\"800\" data-autoplay=\"4000\" data-loop=\"1\" data-dots=\"1\"><div class=\"products swiper-wrapper\">    <div class=\"product swiper-slide post-716 type-product status-publish has-post-thumbnail product_cat-filtration product_cat-kuehlschmierstoff product_cat-metallbearbeitung pa_anwendung-kuehlschmierstoff pa_anwendung-metallbearbeitung first instock taxable shipping-taxable product-type-simple\">\n        <div class=\"eael-product-carousel\">\n            <div class=\"product-image-wrap\">\n                <div class=\"image-wrap\">\n                    <a href=\"https:\/\/cssbelts.de\/en\/product\/n500-n400-n500\/\" class=\"woocommerce-LoopProduct-link woocommerce-loop-product__link\"><img fetchpriority=\"high\" decoding=\"async\" width=\"300\" height=\"190\" src=\"https:\/\/cssbelts.de\/wp-content\/uploads\/2023\/10\/CSS-belts_Drahtgurt-500-400-500-300x190.jpg\" class=\"attachment-medium size-medium\" alt=\"CSS-belts_Drahtgurt-500-400-500\" loading=\"eager\" srcset=\"https:\/\/cssbelts.de\/wp-content\/uploads\/2023\/10\/CSS-belts_Drahtgurt-500-400-500-300x190.jpg 300w, https:\/\/cssbelts.de\/wp-content\/uploads\/2023\/10\/CSS-belts_Drahtgurt-500-400-500-18x12.jpg 18w, https:\/\/cssbelts.de\/wp-content\/uploads\/2023\/10\/CSS-belts_Drahtgurt-500-400-500-600x379.jpg 600w, https:\/\/cssbelts.de\/wp-content\/uploads\/2023\/10\/CSS-belts_Drahtgurt-500-400-500.jpg 604w\" sizes=\"(max-width: 300px) 100vw, 300px\" \/><\/a>                <\/div>\n                <div class=\"image-hover-wrap\">\n                    <ul class=\"icons-wrap box-style\">\n                                                    <li class=\"add-to-cart\"><a href=\"https:\/\/cssbelts.de\/en\/product\/n500-n400-n500\/\" aria-describedby=\"woocommerce_loop_add_to_cart_link_describedby_716\" data-quantity=\"1\" class=\"button product_type_simple\" data-product_id=\"716\" data-product_sku=\"\" aria-label=\"Lese mehr \u00fcber \u201eN500\/N400\/N500\u201c\" rel=\"nofollow\" data-success_message=\"\" data-no-translation=\"\" data-trp-gettext=\"\" data-no-translation-aria-label=\"\">Weiterlesen<\/a>\t<span id=\"woocommerce_loop_add_to_cart_link_describedby_716\" class=\"screen-reader-text\">\n\t\t\t<\/span>\n<\/li>\n                                                                        <li class=\"view-details\" title=\"Details\"><a href=\"https:\/\/cssbelts.de\/en\/product\/n500-n400-n500\/\"><i class=\"fas fa-link\"><\/i><\/a><\/li>\n                    <\/ul>\n                                    <\/div>\n            <\/div>\n            <div class=\"product-details-wrap\">\n                <div class=\"product-details\">\n                    <div class=\"eael-product-title\"><a href=\"https:\/\/cssbelts.de\/en\/product\/n500-n400-n500\/\" class=\"woocommerce-LoopProduct-link woocommerce-loop-product__link\"><h3>N500\/N400\/N500<\/h3><\/a><\/div><div class=\"eael-product-excerpt\"><p>Three-part belts This belt consists of the two edge braids N500...<\/p><\/div>\n                <\/div>\n                            <\/div>\n        <\/div>\n\t<\/div>\n        <div class=\"product swiper-slide post-587 type-product status-publish has-post-thumbnail product_cat-architektur product_cat-back-teigwaren product_cat-daemmstoffe product_cat-elektroindustrie product_cat-filtration product_cat-gemuese-pasta product_cat-holz-furnierindustrie product_cat-kuehlschmierstoff product_cat-lebensmittelindustrie product_cat-metallbearbeitung product_cat-non-wovens product_cat-oeffentliche-gebaeude product_cat-photovoltaik product_cat-platinen product_cat-vlies pa_anwendung-back-teigwaren pa_anwendung-daemmstoffe pa_anwendung-gemuese-pasta pa_anwendung-kuehlschmierstoff pa_anwendung-metallbearbeitung pa_anwendung-photovoltaik pa_anwendung-platinen pa_anwendung-vlies  instock taxable shipping-taxable product-type-simple\">\n        <div class=\"eael-product-carousel\">\n            <div class=\"product-image-wrap\">\n                <div class=\"image-wrap\">\n                    <a href=\"https:\/\/cssbelts.de\/en\/product\/n400\/\" class=\"woocommerce-LoopProduct-link woocommerce-loop-product__link\"><img decoding=\"async\" width=\"300\" height=\"200\" src=\"https:\/\/cssbelts.de\/wp-content\/uploads\/2023\/10\/N-400K-Weitspiral-Runddraht-Gliedergurt-mit-verschweisster-Kante-3-300x200.jpg\" class=\"attachment-medium size-medium\" alt=\"N 400K Weitspiral-Runddraht-Gliedergurt\" loading=\"eager\" srcset=\"https:\/\/cssbelts.de\/wp-content\/uploads\/2023\/10\/N-400K-Weitspiral-Runddraht-Gliedergurt-mit-verschweisster-Kante-3-300x200.jpg 300w, https:\/\/cssbelts.de\/wp-content\/uploads\/2023\/10\/N-400K-Weitspiral-Runddraht-Gliedergurt-mit-verschweisster-Kante-3-1024x681.jpg 1024w, https:\/\/cssbelts.de\/wp-content\/uploads\/2023\/10\/N-400K-Weitspiral-Runddraht-Gliedergurt-mit-verschweisster-Kante-3-768x511.jpg 768w, https:\/\/cssbelts.de\/wp-content\/uploads\/2023\/10\/N-400K-Weitspiral-Runddraht-Gliedergurt-mit-verschweisster-Kante-3-1536x1022.jpg 1536w, https:\/\/cssbelts.de\/wp-content\/uploads\/2023\/10\/N-400K-Weitspiral-Runddraht-Gliedergurt-mit-verschweisster-Kante-3-2048x1363.jpg 2048w, https:\/\/cssbelts.de\/wp-content\/uploads\/2023\/10\/N-400K-Weitspiral-Runddraht-Gliedergurt-mit-verschweisster-Kante-3-600x399.jpg 600w\" sizes=\"(max-width: 300px) 100vw, 300px\" \/><\/a>                <\/div>\n                <div class=\"image-hover-wrap\">\n                    <ul class=\"icons-wrap box-style\">\n                                                    <li class=\"add-to-cart\"><a href=\"https:\/\/cssbelts.de\/en\/product\/n400\/\" aria-describedby=\"woocommerce_loop_add_to_cart_link_describedby_587\" data-quantity=\"1\" class=\"button product_type_simple\" data-product_id=\"587\" data-product_sku=\"\" aria-label=\"Lese mehr \u00fcber \u201eN400\u201c\" rel=\"nofollow\" data-success_message=\"\" data-no-translation=\"\" data-trp-gettext=\"\" data-no-translation-aria-label=\"\">Weiterlesen<\/a>\t<span id=\"woocommerce_loop_add_to_cart_link_describedby_587\" class=\"screen-reader-text\">\n\t\t\t<\/span>\n<\/li>\n                                                                        <li class=\"view-details\" title=\"Details\"><a href=\"https:\/\/cssbelts.de\/en\/product\/n400\/\"><i class=\"fas fa-link\"><\/i><\/a><\/li>\n                    <\/ul>\n                                    <\/div>\n            <\/div>\n            <div class=\"product-details-wrap\">\n                <div class=\"product-details\">\n                    <div class=\"eael-product-title\"><a href=\"https:\/\/cssbelts.de\/en\/product\/n400\/\" class=\"woocommerce-LoopProduct-link woocommerce-loop-product__link\"><h3>N400<\/h3><\/a><\/div><div class=\"eael-product-excerpt\"><p>Wide spiral round wire link belt with S-edges and welded edges<\/p><\/div>\n                <\/div>\n                            <\/div>\n        <\/div>\n\t<\/div>\n    <\/div><\/div>            <!-- Add Pagination -->\n            <div class=\"swiper-pagination swiper-pagination-3a6cee7 dots-preset-1\"><\/div>\n                <\/div>\n        \t\t\t\t<\/div>\n\t\t\t\t<\/div>\n\t\t\t\t<div class=\"elementor-element elementor-element-02d8b4f elementor-align-center elementor-widget elementor-widget-button\" data-id=\"02d8b4f\" data-element_type=\"widget\" data-e-type=\"widget\" data-widget_type=\"button.default\">\n\t\t\t\t<div class=\"elementor-widget-container\">\n\t\t\t\t\t\t\t\t\t<div class=\"elementor-button-wrapper\">\n\t\t\t\t\t<a class=\"elementor-button elementor-button-link elementor-size-sm\" href=\"\/en\/produkte\/\">\n\t\t\t\t\t\t<span class=\"elementor-button-content-wrapper\">\n\t\t\t\t\t\t\t\t\t<span class=\"elementor-button-text\">To all our products<\/span>\n\t\t\t\t\t<\/span>\n\t\t\t\t\t<\/a>\n\t\t\t\t<\/div>\n\t\t\t\t\t\t\t\t<\/div>\n\t\t\t\t<\/div>\n\t\t\t\t<div class=\"elementor-element elementor-element-f4c2435 elementor-widget elementor-widget-spacer\" data-id=\"f4c2435\" data-element_type=\"widget\" data-e-type=\"widget\" data-widget_type=\"spacer.default\">\n\t\t\t\t<div class=\"elementor-widget-container\">\n\t\t\t\t\t\t\t<div class=\"elementor-spacer\">\n\t\t\t<div class=\"elementor-spacer-inner\"><\/div>\n\t\t<\/div>\n\t\t\t\t\t\t<\/div>\n\t\t\t\t<\/div>\n\t\t\t\t\t<\/div>\n\t\t<\/div>\n\t\t\t\t\t<\/div>\n\t\t<\/section>\n\t\t\t\t<\/div>","protected":false},"excerpt":{"rendered":"<p>Hochwertige Drahtgurte f\u00fcr den Bereich Filtration Unsere Produkte Effiziente L\u00f6sungen f\u00fcr sauberes und klares Wasser In der Welt der Filtration sind Drahtf\u00f6rdergurte unverzichtbare Werkzeuge, die dazu beitragen, Verunreinigungen aus Fl\u00fcssigkeiten und Gasen zu entfernen und sauberes, klares Wasser zu gewinnen. Diese spezialisierten Gurte bestehen aus einem hochwertigen Drahtgeflecht und bieten eine Vielzahl von Vorteilen, die [&hellip;]<\/p>\n","protected":false},"author":6,"featured_media":0,"parent":0,"menu_order":0,"comment_status":"closed","ping_status":"closed","template":"","meta":{"footnotes":""},"class_list":["post-820","page","type-page","status-publish","hentry"],"yoast_head":"<!-- This site is optimized with the Yoast SEO plugin v27.3 - https:\/\/yoast.com\/product\/yoast-seo-wordpress\/ -->\n<title>Filtration - mit CSS belts effizient filtern<\/title>\n<meta name=\"description\" content=\"Hier finden Sie Infos zu effizienten L\u00f6sungen f\u00fcr sauberes und klares Wasser und unsere Produkte f\u00fcr den Bereich Filtration.\" \/>\n<meta name=\"robots\" content=\"index, follow, max-snippet:-1, max-image-preview:large, max-video-preview:-1\" \/>\n<link rel=\"canonical\" href=\"https:\/\/cssbelts.de\/en\/filtration\/\" \/>\n<meta property=\"og:locale\" content=\"en_US\" \/>\n<meta property=\"og:type\" content=\"article\" \/>\n<meta property=\"og:title\" content=\"Filtration - mit CSS belts effizient filtern\" \/>\n<meta property=\"og:description\" content=\"Hier finden Sie Infos zu effizienten L\u00f6sungen f\u00fcr sauberes und klares Wasser und unsere Produkte f\u00fcr den Bereich Filtration.\" \/>\n<meta property=\"og:url\" content=\"https:\/\/cssbelts.de\/en\/filtration\/\" \/>\n<meta property=\"og:site_name\" content=\"CSS belts\" \/>\n<meta property=\"article:modified_time\" content=\"2023-10-20T14:22:28+00:00\" \/>\n<meta property=\"og:image\" content=\"https:\/\/cssbelts.de\/wp-content\/uploads\/2023\/10\/500-400-500-300x190.png\" \/>\n<meta name=\"twitter:card\" content=\"summary_large_image\" \/>\n<meta name=\"twitter:label1\" content=\"Est. reading time\" \/>\n\t<meta name=\"twitter:data1\" content=\"2 minutes\" \/>\n<script type=\"application\/ld+json\" class=\"yoast-schema-graph\">{\"@context\":\"https:\\\/\\\/schema.org\",\"@graph\":[{\"@type\":\"WebPage\",\"@id\":\"https:\\\/\\\/cssbelts.de\\\/filtration\\\/\",\"url\":\"https:\\\/\\\/cssbelts.de\\\/filtration\\\/\",\"name\":\"Filtration - mit CSS belts effizient filtern\",\"isPartOf\":{\"@id\":\"https:\\\/\\\/cssbelts.de\\\/#website\"},\"primaryImageOfPage\":{\"@id\":\"https:\\\/\\\/cssbelts.de\\\/filtration\\\/#primaryimage\"},\"image\":{\"@id\":\"https:\\\/\\\/cssbelts.de\\\/filtration\\\/#primaryimage\"},\"thumbnailUrl\":\"https:\\\/\\\/cssbelts.de\\\/wp-content\\\/uploads\\\/2023\\\/10\\\/500-400-500-300x190.png\",\"datePublished\":\"2023-10-17T11:16:24+00:00\",\"dateModified\":\"2023-10-20T14:22:28+00:00\",\"description\":\"Hier finden Sie Infos zu effizienten L\u00f6sungen f\u00fcr sauberes und klares Wasser und unsere Produkte f\u00fcr den Bereich Filtration.\",\"breadcrumb\":{\"@id\":\"https:\\\/\\\/cssbelts.de\\\/filtration\\\/#breadcrumb\"},\"inLanguage\":\"en-US\",\"potentialAction\":[{\"@type\":\"ReadAction\",\"target\":[\"https:\\\/\\\/cssbelts.de\\\/filtration\\\/\"]}]},{\"@type\":\"ImageObject\",\"inLanguage\":\"en-US\",\"@id\":\"https:\\\/\\\/cssbelts.de\\\/filtration\\\/#primaryimage\",\"url\":\"https:\\\/\\\/cssbelts.de\\\/wp-content\\\/uploads\\\/2023\\\/10\\\/500-400-500-300x190.png\",\"contentUrl\":\"https:\\\/\\\/cssbelts.de\\\/wp-content\\\/uploads\\\/2023\\\/10\\\/500-400-500-300x190.png\"},{\"@type\":\"BreadcrumbList\",\"@id\":\"https:\\\/\\\/cssbelts.de\\\/filtration\\\/#breadcrumb\",\"itemListElement\":[{\"@type\":\"ListItem\",\"position\":1,\"name\":\"Home\",\"item\":\"https:\\\/\\\/cssbelts.de\\\/\"},{\"@type\":\"ListItem\",\"position\":2,\"name\":\"Filtration\"}]},{\"@type\":\"WebSite\",\"@id\":\"https:\\\/\\\/cssbelts.de\\\/#website\",\"url\":\"https:\\\/\\\/cssbelts.de\\\/\",\"name\":\"CSS belts\",\"description\":\"Unsere individuell gefertigten Produkte erf&uuml;llen h&ouml;chste technische Anspr&uuml;che.\",\"publisher\":{\"@id\":\"https:\\\/\\\/cssbelts.de\\\/#organization\"},\"potentialAction\":[{\"@type\":\"SearchAction\",\"target\":{\"@type\":\"EntryPoint\",\"urlTemplate\":\"https:\\\/\\\/cssbelts.de\\\/?s={search_term_string}\"},\"query-input\":{\"@type\":\"PropertyValueSpecification\",\"valueRequired\":true,\"valueName\":\"search_term_string\"}}],\"inLanguage\":\"en-US\"},{\"@type\":\"Organization\",\"@id\":\"https:\\\/\\\/cssbelts.de\\\/#organization\",\"name\":\"CSS belts\",\"url\":\"https:\\\/\\\/cssbelts.de\\\/\",\"logo\":{\"@type\":\"ImageObject\",\"inLanguage\":\"en-US\",\"@id\":\"https:\\\/\\\/cssbelts.de\\\/#\\\/schema\\\/logo\\\/image\\\/\",\"url\":\"https:\\\/\\\/cssbelts.de\\\/wp-content\\\/uploads\\\/2025\\\/09\\\/cropped-MRT_Logo_RGB_Negativ_CSS-Belts-scaled-2.png\",\"contentUrl\":\"https:\\\/\\\/cssbelts.de\\\/wp-content\\\/uploads\\\/2025\\\/09\\\/cropped-MRT_Logo_RGB_Negativ_CSS-Belts-scaled-2.png\",\"width\":2560,\"height\":638,\"caption\":\"CSS belts\"},\"image\":{\"@id\":\"https:\\\/\\\/cssbelts.de\\\/#\\\/schema\\\/logo\\\/image\\\/\"}}]}<\/script>\n<!-- \/ Yoast SEO plugin. -->","yoast_head_json":{"title":"Filtration - filter efficiently with CSS belts","description":"Here you will find information on efficient solutions for clean and clear water and our products for the filtration sector.","robots":{"index":"index","follow":"follow","max-snippet":"max-snippet:-1","max-image-preview":"max-image-preview:large","max-video-preview":"max-video-preview:-1"},"canonical":"https:\/\/cssbelts.de\/en\/filtration\/","og_locale":"en_US","og_type":"article","og_title":"Filtration - mit CSS belts effizient filtern","og_description":"Hier finden Sie Infos zu effizienten L\u00f6sungen f\u00fcr sauberes und klares Wasser und unsere Produkte f\u00fcr den Bereich Filtration.","og_url":"https:\/\/cssbelts.de\/en\/filtration\/","og_site_name":"CSS belts","article_modified_time":"2023-10-20T14:22:28+00:00","og_image":[{"url":"https:\/\/cssbelts.de\/wp-content\/uploads\/2023\/10\/500-400-500-300x190.png","type":"","width":"","height":""}],"twitter_card":"summary_large_image","twitter_misc":{"Est. reading time":"2 minutes"},"schema":{"@context":"https:\/\/schema.org","@graph":[{"@type":"WebPage","@id":"https:\/\/cssbelts.de\/filtration\/","url":"https:\/\/cssbelts.de\/filtration\/","name":"Filtration - filter efficiently with CSS belts","isPartOf":{"@id":"https:\/\/cssbelts.de\/#website"},"primaryImageOfPage":{"@id":"https:\/\/cssbelts.de\/filtration\/#primaryimage"},"image":{"@id":"https:\/\/cssbelts.de\/filtration\/#primaryimage"},"thumbnailUrl":"https:\/\/cssbelts.de\/wp-content\/uploads\/2023\/10\/500-400-500-300x190.png","datePublished":"2023-10-17T11:16:24+00:00","dateModified":"2023-10-20T14:22:28+00:00","description":"Here you will find information on efficient solutions for clean and clear water and our products for the filtration sector.","breadcrumb":{"@id":"https:\/\/cssbelts.de\/filtration\/#breadcrumb"},"inLanguage":"en-US","potentialAction":[{"@type":"ReadAction","target":["https:\/\/cssbelts.de\/filtration\/"]}]},{"@type":"ImageObject","inLanguage":"en-US","@id":"https:\/\/cssbelts.de\/filtration\/#primaryimage","url":"https:\/\/cssbelts.de\/wp-content\/uploads\/2023\/10\/500-400-500-300x190.png","contentUrl":"https:\/\/cssbelts.de\/wp-content\/uploads\/2023\/10\/500-400-500-300x190.png"},{"@type":"BreadcrumbList","@id":"https:\/\/cssbelts.de\/filtration\/#breadcrumb","itemListElement":[{"@type":"ListItem","position":1,"name":"Home","item":"https:\/\/cssbelts.de\/"},{"@type":"ListItem","position":2,"name":"Filtration"}]},{"@type":"WebSite","@id":"https:\/\/cssbelts.de\/#website","url":"https:\/\/cssbelts.de\/","name":"CSS belts","description":"Our individually manufactured products meet the highest technical requirements.","publisher":{"@id":"https:\/\/cssbelts.de\/#organization"},"potentialAction":[{"@type":"SearchAction","target":{"@type":"EntryPoint","urlTemplate":"https:\/\/cssbelts.de\/?s={search_term_string}"},"query-input":{"@type":"PropertyValueSpecification","valueRequired":true,"valueName":"search_term_string"}}],"inLanguage":"en-US"},{"@type":"Organization","@id":"https:\/\/cssbelts.de\/#organization","name":"CSS belts","url":"https:\/\/cssbelts.de\/","logo":{"@type":"ImageObject","inLanguage":"en-US","@id":"https:\/\/cssbelts.de\/#\/schema\/logo\/image\/","url":"https:\/\/cssbelts.de\/wp-content\/uploads\/2025\/09\/cropped-MRT_Logo_RGB_Negativ_CSS-Belts-scaled-2.png","contentUrl":"https:\/\/cssbelts.de\/wp-content\/uploads\/2025\/09\/cropped-MRT_Logo_RGB_Negativ_CSS-Belts-scaled-2.png","width":2560,"height":638,"caption":"CSS belts"},"image":{"@id":"https:\/\/cssbelts.de\/#\/schema\/logo\/image\/"}}]}},"_links":{"self":[{"href":"https:\/\/cssbelts.de\/en\/wp-json\/wp\/v2\/pages\/820","targetHints":{"allow":["GET"]}}],"collection":[{"href":"https:\/\/cssbelts.de\/en\/wp-json\/wp\/v2\/pages"}],"about":[{"href":"https:\/\/cssbelts.de\/en\/wp-json\/wp\/v2\/types\/page"}],"author":[{"embeddable":true,"href":"https:\/\/cssbelts.de\/en\/wp-json\/wp\/v2\/users\/6"}],"replies":[{"embeddable":true,"href":"https:\/\/cssbelts.de\/en\/wp-json\/wp\/v2\/comments?post=820"}],"version-history":[{"count":18,"href":"https:\/\/cssbelts.de\/en\/wp-json\/wp\/v2\/pages\/820\/revisions"}],"predecessor-version":[{"id":1518,"href":"https:\/\/cssbelts.de\/en\/wp-json\/wp\/v2\/pages\/820\/revisions\/1518"}],"wp:attachment":[{"href":"https:\/\/cssbelts.de\/en\/wp-json\/wp\/v2\/media?parent=820"}],"curies":[{"name":"wp","href":"https:\/\/api.w.org\/{rel}","templated":true}]}}