{"id":61,"date":"2023-10-13T08:46:06","date_gmt":"2023-10-13T08:46:06","guid":{"rendered":"https:\/\/cssbelts.de\/impressum\/"},"modified":"2025-09-18T07:58:14","modified_gmt":"2025-09-18T07:58:14","slug":"impressum","status":"publish","type":"page","link":"https:\/\/cssbelts.de\/en\/impressum\/","title":{"rendered":"Imprint"},"content":{"rendered":"<div data-elementor-type=\"wp-page\" data-elementor-id=\"61\" class=\"elementor elementor-61\" data-elementor-post-type=\"page\">\n\t\t\t\t\t\t<section class=\"elementor-section elementor-top-section elementor-element elementor-element-fc5c577 elementor-section-boxed elementor-section-height-default elementor-section-height-default\" data-id=\"fc5c577\" data-element_type=\"section\" data-e-type=\"section\">\n\t\t\t\t\t\t<div class=\"elementor-container elementor-column-gap-default\">\n\t\t\t\t\t<div class=\"elementor-column elementor-col-100 elementor-top-column elementor-element elementor-element-f651e45\" data-id=\"f651e45\" data-element_type=\"column\" data-e-type=\"column\">\n\t\t\t<div class=\"elementor-widget-wrap elementor-element-populated\">\n\t\t\t\t\t\t<div class=\"elementor-element elementor-element-ce0d485 elementor-widget elementor-widget-heading\" data-id=\"ce0d485\" data-element_type=\"widget\" data-e-type=\"widget\" data-widget_type=\"heading.default\">\n\t\t\t\t<div class=\"elementor-widget-container\">\n\t\t\t\t\t<h1 class=\"elementor-heading-title elementor-size-default\">Imprint<\/h1>\t\t\t\t<\/div>\n\t\t\t\t<\/div>\n\t\t\t\t<div class=\"elementor-element elementor-element-8deeead elementor-widget elementor-widget-text-editor\" data-id=\"8deeead\" data-element_type=\"widget\" data-e-type=\"widget\" data-widget_type=\"text-editor.default\">\n\t\t\t\t<div class=\"elementor-widget-container\">\n\t\t\t\t\t\t\t\t\t<p><strong>CSS Draht Schmidt GmbH<\/strong><br \/>C.-S.-Schmidt-Strasse 9<br \/>D-56112 Lahnstein<\/p><p><strong>Phone:<\/strong> +49 (0) 2621 - 9694-0<br \/><strong>Fax:<\/strong>\u00a0+49 (0) 2621 - 9694-22<br \/><strong>E-Mail: <\/strong>info@cssbelts.de<br \/><strong>Internet:<\/strong> www.cssbelts.de<\/p><p><strong>Sales tax identification number:<\/strong>\u00a0EN 811720369<\/p><p><strong>Managing director authorized to represent the company:<\/strong> Bernhard Funke<\/p><p><strong>Register court:<\/strong>\u00a0Register court Koblenz<br \/><strong>Trade<\/strong><strong>register number:\u00a0<\/strong>HRB No. 419<\/p><p><strong>Disclaimer<\/strong>:<\/p><p><strong>1. content of the online offer<\/strong><br \/>The author assumes no liability for the topicality, correctness, completeness or quality of the information provided. Liability claims against the author relating to material or non-material damage caused by the use or non-use of the information provided or by the use of incorrect or incomplete information are fundamentally excluded, unless there is evidence of wilful intent or gross negligence on the part of the author.<br \/>All offers are subject to change and non-binding. The author expressly reserves the right to change, supplement or delete parts of the pages or the entire offer without prior notice or to cease publication temporarily or permanently.<\/p><p><strong>2. references and links<\/strong><br \/>In the case of direct or indirect references to external websites (\"hyperlinks\") that lie outside the author's area of responsibility, a liability obligation would only come into force in the event that the author is aware of the content and it would be technically possible and reasonable for him to prevent use in the event of illegal content.<br \/>The author hereby expressly declares that at the time the links were created, no illegal content was recognizable on the linked pages. The author has no influence whatsoever on the current and future design, content or authorship of the linked pages. The author therefore expressly distances himself from all contents of all linked pages that were changed after the link was created. This statement applies to all links and references set within the author's own website as well as to third-party entries in guest books, discussion forums, link directories, mailing lists and all other forms of databases set up by the author to whose content external write access is possible. Liability for illegal, incorrect or incomplete content and in particular for damages resulting from the use or non-use of such information lies solely with the provider of the page to which reference is made, and not with the person who merely refers to the respective publication via links.<\/p><p><strong>3. copyright and trademark law<\/strong><br \/>The author endeavors to observe the copyrights of the images, graphics, sound documents, video sequences and texts used in all publications, to use images, graphics, sound documents, video sequences and texts created by himself or to use license-free graphics, sound documents, video sequences and texts.<br \/>All brand names and trademarks mentioned on the website and possibly protected by third parties are subject without restriction to the provisions of the applicable trademark law and the ownership rights of the respective registered owners. The mere mention of a trademark does not imply that it is not protected by third-party rights!<br \/>The copyright for published objects created by the author himself remains solely with the author of the pages. Any duplication or use of objects such as diagrams, sounds or texts in other electronic or printed publications is not permitted without the author's agreement.<\/p><p><strong>4. data protection<\/strong><br \/>If the opportunity for the input of personal or business data (email addresses, name, addresses) is given, the input of these data takes place voluntarily. The use and payment of all offered services is - as far as technically possible and reasonable - also permitted without providing such data or by providing anonymized data or a pseudonym. The use of contact data such as postal addresses, telephone and fax numbers and e-mail addresses published in the imprint or comparable information by third parties for the transmission of information not expressly requested is not permitted. We expressly reserve the right to take legal action against the senders of so-called spam mails in the event of violations of this prohibition.<\/p><p><strong>5 Legal validity of this disclaimer<\/strong><br \/>This disclaimer is to be regarded as part of the internet publication which you were referred from. If sections or individual terms of this statement are not legal or correct, the content or validity of the other parts remain uninfluenced by this fact.<\/p>\t\t\t\t\t\t\t\t<\/div>\n\t\t\t\t<\/div>\n\t\t\t\t\t<\/div>\n\t\t<\/div>\n\t\t\t\t\t<\/div>\n\t\t<\/section>\n\t\t\t\t<\/div>","protected":false},"excerpt":{"rendered":"<p>Impressum CSS Draht Schmidt GmbHC.-S.-Schmidt-Stra\u00dfe 9D-56112 Lahnstein Telefon: +49 (0) 2621 \u2013 9694-0Telefax:\u00a0+49 (0) 2621 \u2013 9694-22E-Mail: info@cssbelts.deInternet: www.cssbelts.de Umsatzsteueridentifikationsnummer:\u00a0DE 811720369 Vertretungsberechtigter Gesch\u00e4ftsf\u00fchrer: Bernhard Funke Registergericht:\u00a0Registergericht KoblenzHandelsregisternummer:\u00a0HRB-Nr. 419 Haftungsausschluss: 1. Inhalt des OnlineangebotesDer Autor \u00fcbernimmt keinerlei Gew\u00e4hr f\u00fcr die Aktualit\u00e4t, Korrektheit, Vollst\u00e4ndigkeit oder Qualit\u00e4t der bereitgestellten Informationen. Haftungsanspr\u00fcche gegen den Autor, welche sich auf Sch\u00e4den [&hellip;]<\/p>\n","protected":false},"author":6,"featured_media":0,"parent":0,"menu_order":0,"comment_status":"closed","ping_status":"closed","template":"","meta":{"footnotes":""},"class_list":["post-61","page","type-page","status-publish","hentry"],"yoast_head":"<!-- This site is optimized with the Yoast SEO plugin v27.3 - https:\/\/yoast.com\/product\/yoast-seo-wordpress\/ -->\n<title>Impressum - CSS belts<\/title>\n<meta name=\"description\" content=\"Hier finden Sie unser Impressum.\" \/>\n<meta name=\"robots\" content=\"index, follow, max-snippet:-1, max-image-preview:large, max-video-preview:-1\" \/>\n<link rel=\"canonical\" href=\"https:\/\/cssbelts.de\/en\/impressum\/\" \/>\n<meta property=\"og:locale\" content=\"en_US\" \/>\n<meta property=\"og:type\" content=\"article\" \/>\n<meta property=\"og:title\" content=\"Impressum - CSS belts\" \/>\n<meta property=\"og:description\" content=\"Hier finden Sie unser Impressum.\" \/>\n<meta property=\"og:url\" content=\"https:\/\/cssbelts.de\/en\/impressum\/\" \/>\n<meta property=\"og:site_name\" content=\"CSS belts\" \/>\n<meta property=\"article:modified_time\" content=\"2025-09-18T07:58:14+00:00\" \/>\n<meta name=\"twitter:card\" content=\"summary_large_image\" \/>\n<meta name=\"twitter:label1\" content=\"Est. reading time\" \/>\n\t<meta name=\"twitter:data1\" content=\"4 minutes\" \/>\n<script type=\"application\/ld+json\" class=\"yoast-schema-graph\">{\"@context\":\"https:\\\/\\\/schema.org\",\"@graph\":[{\"@type\":\"WebPage\",\"@id\":\"https:\\\/\\\/cssbelts.de\\\/impressum\\\/\",\"url\":\"https:\\\/\\\/cssbelts.de\\\/impressum\\\/\",\"name\":\"Impressum - CSS belts\",\"isPartOf\":{\"@id\":\"https:\\\/\\\/cssbelts.de\\\/#website\"},\"datePublished\":\"2023-10-13T08:46:06+00:00\",\"dateModified\":\"2025-09-18T07:58:14+00:00\",\"description\":\"Hier finden Sie unser Impressum.\",\"breadcrumb\":{\"@id\":\"https:\\\/\\\/cssbelts.de\\\/impressum\\\/#breadcrumb\"},\"inLanguage\":\"en-US\",\"potentialAction\":[{\"@type\":\"ReadAction\",\"target\":[\"https:\\\/\\\/cssbelts.de\\\/impressum\\\/\"]}]},{\"@type\":\"BreadcrumbList\",\"@id\":\"https:\\\/\\\/cssbelts.de\\\/impressum\\\/#breadcrumb\",\"itemListElement\":[{\"@type\":\"ListItem\",\"position\":1,\"name\":\"Home\",\"item\":\"https:\\\/\\\/cssbelts.de\\\/\"},{\"@type\":\"ListItem\",\"position\":2,\"name\":\"Impressum\"}]},{\"@type\":\"WebSite\",\"@id\":\"https:\\\/\\\/cssbelts.de\\\/#website\",\"url\":\"https:\\\/\\\/cssbelts.de\\\/\",\"name\":\"CSS belts\",\"description\":\"Unsere individuell gefertigten Produkte erf&uuml;llen h&ouml;chste technische Anspr&uuml;che.\",\"publisher\":{\"@id\":\"https:\\\/\\\/cssbelts.de\\\/#organization\"},\"potentialAction\":[{\"@type\":\"SearchAction\",\"target\":{\"@type\":\"EntryPoint\",\"urlTemplate\":\"https:\\\/\\\/cssbelts.de\\\/?s={search_term_string}\"},\"query-input\":{\"@type\":\"PropertyValueSpecification\",\"valueRequired\":true,\"valueName\":\"search_term_string\"}}],\"inLanguage\":\"en-US\"},{\"@type\":\"Organization\",\"@id\":\"https:\\\/\\\/cssbelts.de\\\/#organization\",\"name\":\"CSS belts\",\"url\":\"https:\\\/\\\/cssbelts.de\\\/\",\"logo\":{\"@type\":\"ImageObject\",\"inLanguage\":\"en-US\",\"@id\":\"https:\\\/\\\/cssbelts.de\\\/#\\\/schema\\\/logo\\\/image\\\/\",\"url\":\"https:\\\/\\\/cssbelts.de\\\/wp-content\\\/uploads\\\/2025\\\/09\\\/cropped-MRT_Logo_RGB_Negativ_CSS-Belts-scaled-2.png\",\"contentUrl\":\"https:\\\/\\\/cssbelts.de\\\/wp-content\\\/uploads\\\/2025\\\/09\\\/cropped-MRT_Logo_RGB_Negativ_CSS-Belts-scaled-2.png\",\"width\":2560,\"height\":638,\"caption\":\"CSS belts\"},\"image\":{\"@id\":\"https:\\\/\\\/cssbelts.de\\\/#\\\/schema\\\/logo\\\/image\\\/\"}}]}<\/script>\n<!-- \/ Yoast SEO plugin. -->","yoast_head_json":{"title":"Imprint - CSS belts","description":"Here you can find our imprint.","robots":{"index":"index","follow":"follow","max-snippet":"max-snippet:-1","max-image-preview":"max-image-preview:large","max-video-preview":"max-video-preview:-1"},"canonical":"https:\/\/cssbelts.de\/en\/impressum\/","og_locale":"en_US","og_type":"article","og_title":"Impressum - CSS belts","og_description":"Hier finden Sie unser Impressum.","og_url":"https:\/\/cssbelts.de\/en\/impressum\/","og_site_name":"CSS belts","article_modified_time":"2025-09-18T07:58:14+00:00","twitter_card":"summary_large_image","twitter_misc":{"Est. reading time":"4 minutes"},"schema":{"@context":"https:\/\/schema.org","@graph":[{"@type":"WebPage","@id":"https:\/\/cssbelts.de\/impressum\/","url":"https:\/\/cssbelts.de\/impressum\/","name":"Imprint - CSS belts","isPartOf":{"@id":"https:\/\/cssbelts.de\/#website"},"datePublished":"2023-10-13T08:46:06+00:00","dateModified":"2025-09-18T07:58:14+00:00","description":"Here you can find our imprint.","breadcrumb":{"@id":"https:\/\/cssbelts.de\/impressum\/#breadcrumb"},"inLanguage":"en-US","potentialAction":[{"@type":"ReadAction","target":["https:\/\/cssbelts.de\/impressum\/"]}]},{"@type":"BreadcrumbList","@id":"https:\/\/cssbelts.de\/impressum\/#breadcrumb","itemListElement":[{"@type":"ListItem","position":1,"name":"Home","item":"https:\/\/cssbelts.de\/"},{"@type":"ListItem","position":2,"name":"Impressum"}]},{"@type":"WebSite","@id":"https:\/\/cssbelts.de\/#website","url":"https:\/\/cssbelts.de\/","name":"CSS belts","description":"Our individually manufactured products meet the highest technical requirements.","publisher":{"@id":"https:\/\/cssbelts.de\/#organization"},"potentialAction":[{"@type":"SearchAction","target":{"@type":"EntryPoint","urlTemplate":"https:\/\/cssbelts.de\/?s={search_term_string}"},"query-input":{"@type":"PropertyValueSpecification","valueRequired":true,"valueName":"search_term_string"}}],"inLanguage":"en-US"},{"@type":"Organization","@id":"https:\/\/cssbelts.de\/#organization","name":"CSS belts","url":"https:\/\/cssbelts.de\/","logo":{"@type":"ImageObject","inLanguage":"en-US","@id":"https:\/\/cssbelts.de\/#\/schema\/logo\/image\/","url":"https:\/\/cssbelts.de\/wp-content\/uploads\/2025\/09\/cropped-MRT_Logo_RGB_Negativ_CSS-Belts-scaled-2.png","contentUrl":"https:\/\/cssbelts.de\/wp-content\/uploads\/2025\/09\/cropped-MRT_Logo_RGB_Negativ_CSS-Belts-scaled-2.png","width":2560,"height":638,"caption":"CSS belts"},"image":{"@id":"https:\/\/cssbelts.de\/#\/schema\/logo\/image\/"}}]}},"_links":{"self":[{"href":"https:\/\/cssbelts.de\/en\/wp-json\/wp\/v2\/pages\/61","targetHints":{"allow":["GET"]}}],"collection":[{"href":"https:\/\/cssbelts.de\/en\/wp-json\/wp\/v2\/pages"}],"about":[{"href":"https:\/\/cssbelts.de\/en\/wp-json\/wp\/v2\/types\/page"}],"author":[{"embeddable":true,"href":"https:\/\/cssbelts.de\/en\/wp-json\/wp\/v2\/users\/6"}],"replies":[{"embeddable":true,"href":"https:\/\/cssbelts.de\/en\/wp-json\/wp\/v2\/comments?post=61"}],"version-history":[{"count":11,"href":"https:\/\/cssbelts.de\/en\/wp-json\/wp\/v2\/pages\/61\/revisions"}],"predecessor-version":[{"id":1957,"href":"https:\/\/cssbelts.de\/en\/wp-json\/wp\/v2\/pages\/61\/revisions\/1957"}],"wp:attachment":[{"href":"https:\/\/cssbelts.de\/en\/wp-json\/wp\/v2\/media?parent=61"}],"curies":[{"name":"wp","href":"https:\/\/api.w.org\/{rel}","templated":true}]}}