{"id":60,"date":"2023-10-13T08:46:06","date_gmt":"2023-10-13T08:46:06","guid":{"rendered":"https:\/\/cssbelts.de\/datenschutzerklaerung\/"},"modified":"2025-09-18T07:44:22","modified_gmt":"2025-09-18T07:44:22","slug":"datenschutzerklaerung","status":"publish","type":"page","link":"https:\/\/cssbelts.de\/en\/datenschutzerklaerung\/","title":{"rendered":"Privacy policy"},"content":{"rendered":"<div data-elementor-type=\"wp-page\" data-elementor-id=\"60\" class=\"elementor elementor-60\" data-elementor-post-type=\"page\">\n\t\t\t\t\t\t<section class=\"elementor-section elementor-top-section elementor-element elementor-element-f0e8f01 elementor-section-boxed elementor-section-height-default elementor-section-height-default\" data-id=\"f0e8f01\" data-element_type=\"section\" data-e-type=\"section\">\n\t\t\t\t\t\t<div class=\"elementor-container elementor-column-gap-default\">\n\t\t\t\t\t<div class=\"elementor-column elementor-col-100 elementor-top-column elementor-element elementor-element-5bdbfac\" data-id=\"5bdbfac\" data-element_type=\"column\" data-e-type=\"column\">\n\t\t\t<div class=\"elementor-widget-wrap elementor-element-populated\">\n\t\t\t\t\t\t<div class=\"elementor-element elementor-element-fd37dae elementor-widget elementor-widget-heading\" data-id=\"fd37dae\" data-element_type=\"widget\" data-e-type=\"widget\" data-widget_type=\"heading.default\">\n\t\t\t\t<div class=\"elementor-widget-container\">\n\t\t\t\t\t<h1 class=\"elementor-heading-title elementor-size-default\">Privacy policy<\/h1>\t\t\t\t<\/div>\n\t\t\t\t<\/div>\n\t\t\t\t<div class=\"elementor-element elementor-element-1bbd187 elementor-widget elementor-widget-text-editor\" data-id=\"1bbd187\" data-element_type=\"widget\" data-e-type=\"widget\" data-widget_type=\"text-editor.default\">\n\t\t\t\t<div class=\"elementor-widget-container\">\n\t\t\t\t\t\t\t\t\t<p><strong>Data protection at a glance<\/strong><\/p><p><strong>General information<\/strong><\/p><p>The following information provides a simple overview of what happens to your personal data when you visit our website. Personal data is any data that can be used to identify you personally. Detailed information on the subject of data protection can be found in our data protection declaration listed below this text.<\/p><p><strong>Data collection on our website<\/strong><\/p><p><strong>Who is responsible for data collection on this website?<\/strong><\/p><p>Data processing on this website is carried out by the website operator. You can find the operator's contact details in the legal notice of this website.<\/p><p><strong>How do we collect your data?<\/strong><\/p><p>On the one hand, your data is collected when you provide it to us. This may, for example, be data that you enter in a contact form.<\/p><p>Other data is collected automatically by our IT systems when you visit the website. This is primarily technical data (e.g. internet browser, operating system or time of page view). This data is collected automatically as soon as you enter our website.<\/p><p><strong>What do we use your data for?<\/strong><\/p><p>Some of the data is collected to ensure that the website is provided without errors. Other data can be used to analyze your user behavior.<\/p><p><strong>What rights do you have with regard to your data?<\/strong><\/p><p>You have the right to receive information about the origin, recipient and purpose of your stored personal data free of charge at any time. You also have the right to request the correction, blocking or deletion of this data. You can contact us at any time at the address given in the legal notice if you have any further questions on the subject of data protection. You also have the right to lodge a complaint with the competent supervisory authority.<\/p><p><strong>Analysis tools and tools from third-party providers<\/strong><\/p><p>When you visit our website, your surfing behavior may be statistically evaluated. This is mainly done using cookies and so-called analysis programs. The analysis of your surfing behavior is usually anonymous; the surfing behavior cannot be traced back to you. You can object to this analysis or prevent it by not using certain tools. Details on this can be found in our privacy policy under the heading \"Third-party modules and analysis tools\".<\/p><p>You can object to this analysis. We will inform you about the objection options in this privacy policy.<\/p><p><strong>General notes and mandatory information<\/strong><\/p><p><strong>Data protection<\/strong><\/p><p>The operators of these pages take the protection of your personal data very seriously. We treat your personal data confidentially and in accordance with the statutory data protection regulations and this privacy policy.<\/p><p>When you use this website, various personal data is collected. Personal data is data that can be used to identify you personally. This privacy policy explains what data we collect and what we use it for. It also explains how and for what purpose this is done.<\/p><p>We would like to point out that data transmission over the Internet (e.g. when communicating by e-mail) may be subject to security vulnerabilities. Complete protection of data against access by third parties is not possible.<\/p><p><strong>Note on the responsible body<\/strong><\/p><p>The controller responsible for data processing on this website is:<\/p><p><strong>CSS Draht Schmidt GmbH<\/strong><br \/>Managing Director: Bernhard Funke<br \/>C.-S.-Schmidt-Strasse 9<br \/>D-56112 Lahnstein\/Rhine<br \/>Germany<br \/>Phone: + 49 (0) 2621\/9694-0<br \/>E-Mail: <a href=\"mailto:info@cssbelts.de\">info@cssbelts.de<\/a><\/p><p>The controller is the natural or legal person who alone or jointly with others determines the purposes and means of the processing of personal data (e.g. names, e-mail addresses, etc.).<\/p><p><strong>SSL or TLS encryption<\/strong><\/p><p>This site uses SSL or TLS encryption for security reasons and to protect the transmission of confidential content, such as orders or inquiries that you send to us as the site operator. You can recognize an encrypted connection by the fact that the address line of the browser changes from \"http:\/\/\" to \"https:\/\/\" and by the lock symbol in your browser line.<\/p><p>If SSL or TLS encryption is activated, the data you transmit to us cannot be read by third parties.<\/p><p><strong>Information, blocking, deletion<\/strong><\/p><p>Within the framework of the applicable legal provisions, you have the right to free information about your stored personal data, its origin and recipient and the purpose of the data processing and, if necessary, a right to correction, blocking or deletion of this data at any time. You can contact us at any time at the address given in the legal notice if you have further questions on the subject of personal data.<\/p><p><strong>Data Protection Officer<\/strong><\/p><p><strong>Data protection officer required by law<\/strong><\/p><p>We have appointed a data protection officer for our company.<\/p><p>Philipp Heinen<br \/>Simmernerstrasse 86a<br \/>56075 Koblenz<\/p><p>Phone: 0261\/803090<br \/>E-Mail:\u00a0<a href=\"mailto:datenschutz@heinen-it.com\">datenschutz@heinen-it.com<\/a><\/p><p><strong>Data collection on our website<\/strong><\/p><p><strong>Cookies<\/strong><\/p><p>Some of the Internet pages use so-called cookies. Cookies do not damage your computer and do not contain viruses. Cookies are used to make our website more user-friendly, effective and secure. Cookies are small text files that are stored on your computer and saved by your browser.<\/p><p>Most of the cookies we use are so-called \"session cookies\". They are automatically deleted at the end of your visit. Other cookies remain stored on your end device until you delete them. These cookies enable us to recognize your browser on your next visit.<\/p><p>You can set your browser so that you are informed about the setting of cookies and only allow cookies in individual cases, exclude the acceptance of cookies for certain cases or in general and activate the automatic deletion of cookies when closing the browser. If cookies are deactivated, the functionality of this website may be restricted.<\/p><p>Cookies that are required to carry out the electronic communication process or to provide certain functions that you have requested (e.g. shopping cart function) are stored on the basis of Art. 6 para. 1 lit. f GDPR. The website operator has a legitimate interest in the storage of cookies for the technically error-free and optimized provision of its services. Insofar as other cookies (e.g. cookies to analyze your surfing behavior) are stored, these are treated separately in this privacy policy.<\/p><p><strong>Server log files<\/strong><\/p><p>The provider of the pages automatically collects and stores information in so-called server log files, which your browser automatically transmits to us. These are<\/p><ul><li>Browser type and browser version<\/li><li>Operating system used<\/li><li>Referrer URL<\/li><li>Host name of the accessing computer<\/li><li>Time of the server request<\/li><li>IP address<\/li><\/ul><p>This data is not merged with other data sources.<\/p><p>The basis for data processing is Art. 6 para. 1 lit. b GDPR, which permits the processing of data for the fulfillment of a contract or pre-contractual measures.<\/p><p><strong>Contact form<\/strong><\/p><p>If you send us inquiries via the contact form, your details from the inquiry form, including the contact details you provide there, will be stored by us for the purpose of processing the inquiry and in the event of follow-up questions. We will not pass on this data without your consent.<\/p><p>The data entered in the contact form is therefore processed exclusively on the basis of your consent (Art. 6 para. 1 lit. a GDPR). You can revoke this consent at any time. All you need to do is send us an informal email. The legality of the data processing operations carried out until the revocation remains unaffected by the revocation.<\/p><p>We will retain the data you provide on the contact form until you request its deletion, revoke your consent for its storage, or the purpose for its storage no longer pertains (e.g. after fulfilling your request). Mandatory statutory provisions - in particular retention periods - remain unaffected.<\/p><p><strong>Use of Google Analytics<\/strong><\/p><p>This website uses Google Analytics, a web analysis service of Google Inc (\"Google\"). Google Analytics uses \"cookies\", which are text files placed on your computer, to help the website analyze how users use the site. The information generated by the cookie about your use of this website is usually transferred to a Google server in the USA and stored there.<\/p><p>However, if IP anonymization is activated on this website, your IP address will first be truncated by Google within member states of the European Union or in other states party to the Agreement on the European Economic Area. Only in exceptional cases will the full IP address be transmitted to a Google server in the USA and truncated there. Google will use this information on behalf of the operator of this website for the purpose of evaluating your use of the website, compiling reports on website activity and providing other services relating to website activity and internet usage to the website operator. The IP address transmitted by your browser as part of Google Analytics will not be merged with other Google data.<\/p><p>You may refuse the use of cookies by selecting the appropriate settings on your browser, however please note that if you do this you may not be able to use the full functionality of this website. You can also prevent Google from collecting the data generated by the cookie and relating to your use of the website (including your IP address) and from processing this data by Google by downloading and installing the browser plug-in available at the following link (https:\/\/tools.google.com\/dlpage\/gaoptout?hl=de). You can prevent the collection of data by Google Analytics by clicking on the following link. An opt-out cookie will be set to prevent the future collection of your data when you visit this website: Then click here: Deactivate Google Analytics You can find more information on terms of use and data protection at https:\/\/www.google.com\/analytics\/terms\/de.html or at https:\/\/www.google.de\/intl\/de\/policies\/. Please note that on this website Google Analytics has been extended by the code \"anonymizeIp\" to ensure an anonymized collection of IP addresses (so-called IP masking). Source: https:\/\/www.datenschutzbeauftragter-info.de\/<\/p><p><strong>Use of Google Maps<\/strong><\/p><p>This website uses Google Maps to display maps and to create directions. Google Maps is operated by Google Inc, 1600 Amphitheatre Parkway, Mountain View, CA 94043, USA. By using this website, you consent to the collection, processing and use of the automatically collected data and the data entered by you by Google, one of its representatives or third-party providers. The terms of use for Google Maps can be found under Terms of Use for Google Maps. You can find more details in the data protection center of google.de: Transparency and choices and privacy policy.<\/p>\t\t\t\t\t\t\t\t<\/div>\n\t\t\t\t<\/div>\n\t\t\t\t\t<\/div>\n\t\t<\/div>\n\t\t\t\t\t<\/div>\n\t\t<\/section>\n\t\t\t\t<\/div>","protected":false},"excerpt":{"rendered":"<p>Datenschutzerkl\u00e4rung Datenschutz auf einen Blick Allgemeine Hinweise Die folgenden Hinweise geben einen einfachen \u00dcberblick dar\u00fcber, was mit Ihren personenbezogenen Daten passiert, wenn Sie unsere Website besuchen. Personenbezogene Daten sind alle Daten, mit denen Sie pers\u00f6nlich identifiziert werden k\u00f6nnen. Ausf\u00fchrliche Informationen zum Thema Datenschutz entnehmen Sie unserer unter diesem Text aufgef\u00fchrten Datenschutzerkl\u00e4rung. Datenerfassung auf unserer Website [&hellip;]<\/p>\n","protected":false},"author":6,"featured_media":0,"parent":0,"menu_order":0,"comment_status":"closed","ping_status":"closed","template":"","meta":{"footnotes":""},"class_list":["post-60","page","type-page","status-publish","hentry"],"yoast_head":"<!-- This site is optimized with the Yoast SEO plugin v27.3 - https:\/\/yoast.com\/product\/yoast-seo-wordpress\/ -->\n<title>Datenschutzerkl\u00e4rung - CSS belts<\/title>\n<meta name=\"description\" content=\"Der Schutz ihrer Daten ist uns sehr wichtig. Daher finden Sie hier unsere Datenschutzerkl\u00e4rung.\" \/>\n<meta name=\"robots\" content=\"index, follow, max-snippet:-1, max-image-preview:large, max-video-preview:-1\" \/>\n<link rel=\"canonical\" href=\"https:\/\/cssbelts.de\/en\/datenschutzerklaerung\/\" \/>\n<meta property=\"og:locale\" content=\"en_US\" \/>\n<meta property=\"og:type\" content=\"article\" \/>\n<meta property=\"og:title\" content=\"Datenschutzerkl\u00e4rung - CSS belts\" \/>\n<meta property=\"og:description\" content=\"Der Schutz ihrer Daten ist uns sehr wichtig. Daher finden Sie hier unsere Datenschutzerkl\u00e4rung.\" \/>\n<meta property=\"og:url\" content=\"https:\/\/cssbelts.de\/en\/datenschutzerklaerung\/\" \/>\n<meta property=\"og:site_name\" content=\"CSS belts\" \/>\n<meta property=\"article:modified_time\" content=\"2025-09-18T07:44:22+00:00\" \/>\n<meta name=\"twitter:card\" content=\"summary_large_image\" \/>\n<meta name=\"twitter:label1\" content=\"Est. reading time\" \/>\n\t<meta name=\"twitter:data1\" content=\"9 minutes\" \/>\n<script type=\"application\/ld+json\" class=\"yoast-schema-graph\">{\"@context\":\"https:\\\/\\\/schema.org\",\"@graph\":[{\"@type\":\"WebPage\",\"@id\":\"https:\\\/\\\/cssbelts.de\\\/datenschutzerklaerung\\\/\",\"url\":\"https:\\\/\\\/cssbelts.de\\\/datenschutzerklaerung\\\/\",\"name\":\"Datenschutzerkl\u00e4rung - CSS belts\",\"isPartOf\":{\"@id\":\"https:\\\/\\\/cssbelts.de\\\/#website\"},\"datePublished\":\"2023-10-13T08:46:06+00:00\",\"dateModified\":\"2025-09-18T07:44:22+00:00\",\"description\":\"Der Schutz ihrer Daten ist uns sehr wichtig. Daher finden Sie hier unsere Datenschutzerkl\u00e4rung.\",\"breadcrumb\":{\"@id\":\"https:\\\/\\\/cssbelts.de\\\/datenschutzerklaerung\\\/#breadcrumb\"},\"inLanguage\":\"en-US\",\"potentialAction\":[{\"@type\":\"ReadAction\",\"target\":[\"https:\\\/\\\/cssbelts.de\\\/datenschutzerklaerung\\\/\"]}]},{\"@type\":\"BreadcrumbList\",\"@id\":\"https:\\\/\\\/cssbelts.de\\\/datenschutzerklaerung\\\/#breadcrumb\",\"itemListElement\":[{\"@type\":\"ListItem\",\"position\":1,\"name\":\"Home\",\"item\":\"https:\\\/\\\/cssbelts.de\\\/\"},{\"@type\":\"ListItem\",\"position\":2,\"name\":\"Datenschutzerkl\u00e4rung\"}]},{\"@type\":\"WebSite\",\"@id\":\"https:\\\/\\\/cssbelts.de\\\/#website\",\"url\":\"https:\\\/\\\/cssbelts.de\\\/\",\"name\":\"CSS belts\",\"description\":\"Unsere individuell gefertigten Produkte erf&uuml;llen h&ouml;chste technische Anspr&uuml;che.\",\"publisher\":{\"@id\":\"https:\\\/\\\/cssbelts.de\\\/#organization\"},\"potentialAction\":[{\"@type\":\"SearchAction\",\"target\":{\"@type\":\"EntryPoint\",\"urlTemplate\":\"https:\\\/\\\/cssbelts.de\\\/?s={search_term_string}\"},\"query-input\":{\"@type\":\"PropertyValueSpecification\",\"valueRequired\":true,\"valueName\":\"search_term_string\"}}],\"inLanguage\":\"en-US\"},{\"@type\":\"Organization\",\"@id\":\"https:\\\/\\\/cssbelts.de\\\/#organization\",\"name\":\"CSS belts\",\"url\":\"https:\\\/\\\/cssbelts.de\\\/\",\"logo\":{\"@type\":\"ImageObject\",\"inLanguage\":\"en-US\",\"@id\":\"https:\\\/\\\/cssbelts.de\\\/#\\\/schema\\\/logo\\\/image\\\/\",\"url\":\"https:\\\/\\\/cssbelts.de\\\/wp-content\\\/uploads\\\/2025\\\/09\\\/cropped-MRT_Logo_RGB_Negativ_CSS-Belts-scaled-2.png\",\"contentUrl\":\"https:\\\/\\\/cssbelts.de\\\/wp-content\\\/uploads\\\/2025\\\/09\\\/cropped-MRT_Logo_RGB_Negativ_CSS-Belts-scaled-2.png\",\"width\":2560,\"height\":638,\"caption\":\"CSS belts\"},\"image\":{\"@id\":\"https:\\\/\\\/cssbelts.de\\\/#\\\/schema\\\/logo\\\/image\\\/\"}}]}<\/script>\n<!-- \/ Yoast SEO plugin. -->","yoast_head_json":{"title":"Datenschutzerkl\u00e4rung - CSS belts","description":"Der Schutz ihrer Daten ist uns sehr wichtig. Daher finden Sie hier unsere Datenschutzerkl\u00e4rung.","robots":{"index":"index","follow":"follow","max-snippet":"max-snippet:-1","max-image-preview":"max-image-preview:large","max-video-preview":"max-video-preview:-1"},"canonical":"https:\/\/cssbelts.de\/en\/datenschutzerklaerung\/","og_locale":"en_US","og_type":"article","og_title":"Datenschutzerkl\u00e4rung - CSS belts","og_description":"Der Schutz ihrer Daten ist uns sehr wichtig. Daher finden Sie hier unsere Datenschutzerkl\u00e4rung.","og_url":"https:\/\/cssbelts.de\/en\/datenschutzerklaerung\/","og_site_name":"CSS belts","article_modified_time":"2025-09-18T07:44:22+00:00","twitter_card":"summary_large_image","twitter_misc":{"Est. reading time":"9 minutes"},"schema":{"@context":"https:\/\/schema.org","@graph":[{"@type":"WebPage","@id":"https:\/\/cssbelts.de\/datenschutzerklaerung\/","url":"https:\/\/cssbelts.de\/datenschutzerklaerung\/","name":"Datenschutzerkl\u00e4rung - CSS belts","isPartOf":{"@id":"https:\/\/cssbelts.de\/#website"},"datePublished":"2023-10-13T08:46:06+00:00","dateModified":"2025-09-18T07:44:22+00:00","description":"Der Schutz ihrer Daten ist uns sehr wichtig. Daher finden Sie hier unsere Datenschutzerkl\u00e4rung.","breadcrumb":{"@id":"https:\/\/cssbelts.de\/datenschutzerklaerung\/#breadcrumb"},"inLanguage":"en-US","potentialAction":[{"@type":"ReadAction","target":["https:\/\/cssbelts.de\/datenschutzerklaerung\/"]}]},{"@type":"BreadcrumbList","@id":"https:\/\/cssbelts.de\/datenschutzerklaerung\/#breadcrumb","itemListElement":[{"@type":"ListItem","position":1,"name":"Home","item":"https:\/\/cssbelts.de\/"},{"@type":"ListItem","position":2,"name":"Datenschutzerkl\u00e4rung"}]},{"@type":"WebSite","@id":"https:\/\/cssbelts.de\/#website","url":"https:\/\/cssbelts.de\/","name":"CSS belts","description":"Our individually manufactured products meet the highest technical requirements.","publisher":{"@id":"https:\/\/cssbelts.de\/#organization"},"potentialAction":[{"@type":"SearchAction","target":{"@type":"EntryPoint","urlTemplate":"https:\/\/cssbelts.de\/?s={search_term_string}"},"query-input":{"@type":"PropertyValueSpecification","valueRequired":true,"valueName":"search_term_string"}}],"inLanguage":"en-US"},{"@type":"Organization","@id":"https:\/\/cssbelts.de\/#organization","name":"CSS belts","url":"https:\/\/cssbelts.de\/","logo":{"@type":"ImageObject","inLanguage":"en-US","@id":"https:\/\/cssbelts.de\/#\/schema\/logo\/image\/","url":"https:\/\/cssbelts.de\/wp-content\/uploads\/2025\/09\/cropped-MRT_Logo_RGB_Negativ_CSS-Belts-scaled-2.png","contentUrl":"https:\/\/cssbelts.de\/wp-content\/uploads\/2025\/09\/cropped-MRT_Logo_RGB_Negativ_CSS-Belts-scaled-2.png","width":2560,"height":638,"caption":"CSS belts"},"image":{"@id":"https:\/\/cssbelts.de\/#\/schema\/logo\/image\/"}}]}},"_links":{"self":[{"href":"https:\/\/cssbelts.de\/en\/wp-json\/wp\/v2\/pages\/60","targetHints":{"allow":["GET"]}}],"collection":[{"href":"https:\/\/cssbelts.de\/en\/wp-json\/wp\/v2\/pages"}],"about":[{"href":"https:\/\/cssbelts.de\/en\/wp-json\/wp\/v2\/types\/page"}],"author":[{"embeddable":true,"href":"https:\/\/cssbelts.de\/en\/wp-json\/wp\/v2\/users\/6"}],"replies":[{"embeddable":true,"href":"https:\/\/cssbelts.de\/en\/wp-json\/wp\/v2\/comments?post=60"}],"version-history":[{"count":10,"href":"https:\/\/cssbelts.de\/en\/wp-json\/wp\/v2\/pages\/60\/revisions"}],"predecessor-version":[{"id":1941,"href":"https:\/\/cssbelts.de\/en\/wp-json\/wp\/v2\/pages\/60\/revisions\/1941"}],"wp:attachment":[{"href":"https:\/\/cssbelts.de\/en\/wp-json\/wp\/v2\/media?parent=60"}],"curies":[{"name":"wp","href":"https:\/\/api.w.org\/{rel}","templated":true}]}}