{"id":1704,"date":"2023-10-20T09:24:53","date_gmt":"2023-10-20T09:24:53","guid":{"rendered":"https:\/\/cssbelts.de\/?page_id=1704"},"modified":"2025-10-23T12:04:41","modified_gmt":"2025-10-23T12:04:41","slug":"kontakt","status":"publish","type":"page","link":"https:\/\/cssbelts.de\/en\/kontakt\/","title":{"rendered":"Contact us"},"content":{"rendered":"<div data-elementor-type=\"wp-page\" data-elementor-id=\"1704\" class=\"elementor elementor-1704\" data-elementor-post-type=\"page\">\n\t\t\t\t\t\t<section class=\"elementor-section elementor-top-section elementor-element elementor-element-40ad04c elementor-section-boxed elementor-section-height-default elementor-section-height-default\" data-id=\"40ad04c\" data-element_type=\"section\" data-e-type=\"section\" data-settings=\"{&quot;background_background&quot;:&quot;classic&quot;}\">\n\t\t\t\t\t\t<div class=\"elementor-container elementor-column-gap-default\">\n\t\t\t\t\t<div class=\"elementor-column elementor-col-100 elementor-top-column elementor-element elementor-element-3c0c4e87\" data-id=\"3c0c4e87\" data-element_type=\"column\" data-e-type=\"column\">\n\t\t\t<div class=\"elementor-widget-wrap elementor-element-populated\">\n\t\t\t\t\t\t<div class=\"elementor-element elementor-element-6c68d917 elementor-widget elementor-widget-spacer\" data-id=\"6c68d917\" data-element_type=\"widget\" data-e-type=\"widget\" data-widget_type=\"spacer.default\">\n\t\t\t\t<div class=\"elementor-widget-container\">\n\t\t\t\t\t\t\t<div class=\"elementor-spacer\">\n\t\t\t<div class=\"elementor-spacer-inner\"><\/div>\n\t\t<\/div>\n\t\t\t\t\t\t<\/div>\n\t\t\t\t<\/div>\n\t\t\t\t<div class=\"elementor-element elementor-element-420886ac elementor-widget elementor-widget-heading\" data-id=\"420886ac\" data-element_type=\"widget\" data-e-type=\"widget\" data-widget_type=\"heading.default\">\n\t\t\t\t<div class=\"elementor-widget-container\">\n\t\t\t\t\t<h3 class=\"elementor-heading-title elementor-size-default\">Do you have any questions?<\/h3>\t\t\t\t<\/div>\n\t\t\t\t<\/div>\n\t\t\t\t<div class=\"elementor-element elementor-element-774cca47 elementor-widget elementor-widget-heading\" data-id=\"774cca47\" data-element_type=\"widget\" data-e-type=\"widget\" data-widget_type=\"heading.default\">\n\t\t\t\t<div class=\"elementor-widget-container\">\n\t\t\t\t\t<h3 class=\"elementor-heading-title elementor-size-default\">We are always available for you!<\/h3>\t\t\t\t<\/div>\n\t\t\t\t<\/div>\n\t\t\t\t<div class=\"elementor-element elementor-element-4dfba895 elementor-widget elementor-widget-spacer\" data-id=\"4dfba895\" data-element_type=\"widget\" data-e-type=\"widget\" data-widget_type=\"spacer.default\">\n\t\t\t\t<div class=\"elementor-widget-container\">\n\t\t\t\t\t\t\t<div class=\"elementor-spacer\">\n\t\t\t<div class=\"elementor-spacer-inner\"><\/div>\n\t\t<\/div>\n\t\t\t\t\t\t<\/div>\n\t\t\t\t<\/div>\n\t\t\t\t<div class=\"elementor-element elementor-element-2bb1f166 elementor-widget elementor-widget-heading\" data-id=\"2bb1f166\" data-element_type=\"widget\" data-e-type=\"widget\" data-widget_type=\"heading.default\">\n\t\t\t\t<div class=\"elementor-widget-container\">\n\t\t\t\t\t<p class=\"elementor-heading-title elementor-size-default\">Contact us where you need help:<\/p>\t\t\t\t<\/div>\n\t\t\t\t<\/div>\n\t\t\t\t<section class=\"elementor-section elementor-inner-section elementor-element elementor-element-760a2d0c elementor-section-boxed elementor-section-height-default elementor-section-height-default\" data-id=\"760a2d0c\" data-element_type=\"section\" data-e-type=\"section\">\n\t\t\t\t\t\t<div class=\"elementor-container elementor-column-gap-default\">\n\t\t\t\t\t<div class=\"elementor-column elementor-col-25 elementor-inner-column elementor-element elementor-element-44392a3f\" data-id=\"44392a3f\" data-element_type=\"column\" data-e-type=\"column\">\n\t\t\t<div class=\"elementor-widget-wrap elementor-element-populated\">\n\t\t\t\t\t\t<div class=\"elementor-element elementor-element-95f5ae7 elementor-widget elementor-widget-eael-adv-accordion\" data-id=\"95f5ae7\" data-element_type=\"widget\" data-e-type=\"widget\" data-widget_type=\"eael-adv-accordion.default\">\n\t\t\t\t<div class=\"elementor-widget-container\">\n\t\t\t\t\t            <div class=\"eael-adv-accordion\" id=\"eael-adv-accordion-95f5ae7\" data-scroll-on-click=\"no\" data-scroll-speed=\"300\" data-accordion-id=\"95f5ae7\" data-accordion-type=\"toggle\" data-toogle-speed=\"300\">\n            <div class=\"eael-accordion-list\">\n\t\t\t\t\t<div id=\"deutschland\" class=\"elementor-tab-title eael-accordion-header\" tabindex=\"0\" data-tab=\"1\" aria-controls=\"elementor-tab-content-1571\"><span class=\"eael-accordion-tab-title\">Germany<\/span><i aria-hidden=\"true\" class=\"fa-toggle fas fa-angle-right\"><\/i><\/div><div id=\"elementor-tab-content-1571\" class=\"eael-accordion-content clearfix\" data-tab=\"1\" aria-labelledby=\"deutschland\"><p><strong><span style=\"color: #f08325\">CSS belts<\/span><\/strong><\/p><p>C.-S.-Schmidt-Strasse 9<br \/>D-56112 Lahnstein<\/p><p>Phone: +49 (0) 2621 - 9694-0<br \/>Fax: +49 (0) 2621 - 9694-22<br \/><a href=\"mailto:info@cssbelts.de\">info@cssbelts.de<\/a><\/p><\/div>\n\t\t\t\t\t<\/div><\/div>\t\t\t\t<\/div>\n\t\t\t\t<\/div>\n\t\t\t\t\t<\/div>\n\t\t<\/div>\n\t\t\t\t<div class=\"elementor-column elementor-col-25 elementor-inner-column elementor-element elementor-element-6793a779\" data-id=\"6793a779\" data-element_type=\"column\" data-e-type=\"column\">\n\t\t\t<div class=\"elementor-widget-wrap elementor-element-populated\">\n\t\t\t\t\t\t<div class=\"elementor-element elementor-element-607212ad elementor-widget elementor-widget-eael-adv-accordion\" data-id=\"607212ad\" data-element_type=\"widget\" data-e-type=\"widget\" data-widget_type=\"eael-adv-accordion.default\">\n\t\t\t\t<div class=\"elementor-widget-container\">\n\t\t\t\t\t            <div class=\"eael-adv-accordion\" id=\"eael-adv-accordion-607212ad\" data-scroll-on-click=\"no\" data-scroll-speed=\"300\" data-accordion-id=\"607212ad\" data-accordion-type=\"toggle\" data-toogle-speed=\"300\">\n            <div class=\"eael-accordion-list\">\n\t\t\t\t\t<div id=\"schweiz\" class=\"elementor-tab-title eael-accordion-header\" tabindex=\"0\" data-tab=\"1\" aria-controls=\"elementor-tab-content-1611\"><span class=\"eael-accordion-tab-title\">Switzerland<\/span><i aria-hidden=\"true\" class=\"fa-toggle fas fa-angle-right\"><\/i><\/div><div id=\"elementor-tab-content-1611\" class=\"eael-accordion-content clearfix\" data-tab=\"1\" aria-labelledby=\"schweiz\"><p><span style=\"color: #f08325\"><strong>LORIS BERTELLI<\/strong><\/span><\/p><p>SALES REPRESENTATIVE<\/p><p>Via Mazzini, 7<\/p><p>13836 Cossato (Biella)<\/p><div>\u00a0<\/div><div>Phone: + 39 (0) 015 921375<br \/>Fax: + 39 (0) 015 927535<br \/>Mobile: + 39 (0) 348 6009943<br \/><a href=\"mailto:sav@sav-biella.com\">sav@sav-biella.com<\/a><br \/><a title=\"Representation Italy\" href=\"http:\/\/www.sav-biella.com\/\">www.sav-biella.com<\/a><\/div><\/div>\n\t\t\t\t\t<\/div><\/div>\t\t\t\t<\/div>\n\t\t\t\t<\/div>\n\t\t\t\t\t<\/div>\n\t\t<\/div>\n\t\t\t\t<div class=\"elementor-column elementor-col-25 elementor-inner-column elementor-element elementor-element-6abcbda9\" data-id=\"6abcbda9\" data-element_type=\"column\" data-e-type=\"column\">\n\t\t\t<div class=\"elementor-widget-wrap elementor-element-populated\">\n\t\t\t\t\t\t<div class=\"elementor-element elementor-element-2178bafe elementor-widget elementor-widget-eael-adv-accordion\" data-id=\"2178bafe\" data-element_type=\"widget\" data-e-type=\"widget\" data-widget_type=\"eael-adv-accordion.default\">\n\t\t\t\t<div class=\"elementor-widget-container\">\n\t\t\t\t\t            <div class=\"eael-adv-accordion\" id=\"eael-adv-accordion-2178bafe\" data-scroll-on-click=\"no\" data-scroll-speed=\"300\" data-accordion-id=\"2178bafe\" data-accordion-type=\"toggle\" data-toogle-speed=\"300\">\n            <div class=\"eael-accordion-list\">\n\t\t\t\t\t<div id=\"italien\" class=\"elementor-tab-title eael-accordion-header\" tabindex=\"0\" data-tab=\"1\" aria-controls=\"elementor-tab-content-5611\"><span class=\"eael-accordion-tab-title\">Italy<\/span><i aria-hidden=\"true\" class=\"fa-toggle fas fa-angle-right\"><\/i><\/div><div id=\"elementor-tab-content-5611\" class=\"eael-accordion-content clearfix\" data-tab=\"1\" aria-labelledby=\"italien\"><p><strong><span style=\"color: #f08325\">SAV S.R.L.<\/span><\/strong><\/p><p>SALES REPRESENTATIVE<\/p><p>Via Mazzini, 7<\/p><p>13836 Cossato (Biella)<\/p><div>\u00a0<\/div><div>Phone: + 39 (0) 015 921375<br \/>Fax: + 39 (0) 015 927535<br \/>Mobile: + 39 (0) 348 6009943<br \/><a href=\"mailto:sav@sav-biella.com\">sav@sav-biella.com<\/a><br \/><a title=\"Representation Italy\" href=\"http:\/\/www.sav-biella.com\/\">www.sav-biella.com<\/a><\/div><\/div>\n\t\t\t\t\t<\/div><\/div>\t\t\t\t<\/div>\n\t\t\t\t<\/div>\n\t\t\t\t\t<\/div>\n\t\t<\/div>\n\t\t\t\t<div class=\"elementor-column elementor-col-25 elementor-inner-column elementor-element elementor-element-343741f7\" data-id=\"343741f7\" data-element_type=\"column\" data-e-type=\"column\">\n\t\t\t<div class=\"elementor-widget-wrap elementor-element-populated\">\n\t\t\t\t\t\t<div class=\"elementor-element elementor-element-30ccf811 elementor-widget elementor-widget-eael-adv-accordion\" data-id=\"30ccf811\" data-element_type=\"widget\" data-e-type=\"widget\" data-widget_type=\"eael-adv-accordion.default\">\n\t\t\t\t<div class=\"elementor-widget-container\">\n\t\t\t\t\t            <div class=\"eael-adv-accordion\" id=\"eael-adv-accordion-30ccf811\" data-scroll-on-click=\"no\" data-scroll-speed=\"300\" data-accordion-id=\"30ccf811\" data-accordion-type=\"toggle\" data-toogle-speed=\"300\">\n            <div class=\"eael-accordion-list\">\n\t\t\t\t\t<div id=\"spanien\" class=\"elementor-tab-title eael-accordion-header\" tabindex=\"0\" data-tab=\"1\" aria-controls=\"elementor-tab-content-8181\"><span class=\"eael-accordion-tab-title\">Spain<\/span><i aria-hidden=\"true\" class=\"fa-toggle fas fa-angle-right\"><\/i><\/div><div id=\"elementor-tab-content-8181\" class=\"eael-accordion-content clearfix\" data-tab=\"1\" aria-labelledby=\"spanien\"><p style=\"text-align: left\"><span style=\"color: #f08325\"><strong>LUIS VILA -SUMINISTROS TRIPLAY, S.L.<\/strong><\/span><br \/>SALES REPRESENTATIVE<\/p><p>Maquinaria para la Madera \/\/ Woodworking Machinery<br \/>Av. San Lorenzo, 116<br \/>46900-Torrente (Valencia)<\/p><div>\u00a0<\/div><div>Tel.: +34 961 567 154<br \/>Mobile: +34 607 675 200<br \/><span><a href=\"mailto:triplay@sum-triplay.com\">triplay@sum-triplay.com<\/a><\/span><\/div><\/div>\n\t\t\t\t\t<\/div><\/div>\t\t\t\t<\/div>\n\t\t\t\t<\/div>\n\t\t\t\t\t<\/div>\n\t\t<\/div>\n\t\t\t\t\t<\/div>\n\t\t<\/section>\n\t\t\t\t<section class=\"elementor-section elementor-inner-section elementor-element elementor-element-611feeca elementor-section-boxed elementor-section-height-default elementor-section-height-default\" data-id=\"611feeca\" data-element_type=\"section\" data-e-type=\"section\">\n\t\t\t\t\t\t<div class=\"elementor-container elementor-column-gap-default\">\n\t\t\t\t\t<div class=\"elementor-column elementor-col-33 elementor-inner-column elementor-element elementor-element-1ecc910c\" data-id=\"1ecc910c\" data-element_type=\"column\" data-e-type=\"column\">\n\t\t\t<div class=\"elementor-widget-wrap elementor-element-populated\">\n\t\t\t\t\t\t<div class=\"elementor-element elementor-element-6721fbcc elementor-widget elementor-widget-eael-adv-accordion\" data-id=\"6721fbcc\" data-element_type=\"widget\" data-e-type=\"widget\" data-widget_type=\"eael-adv-accordion.default\">\n\t\t\t\t<div class=\"elementor-widget-container\">\n\t\t\t\t\t            <div class=\"eael-adv-accordion\" id=\"eael-adv-accordion-6721fbcc\" data-scroll-on-click=\"no\" data-scroll-speed=\"300\" data-accordion-id=\"6721fbcc\" data-accordion-type=\"toggle\" data-toogle-speed=\"300\">\n            <div class=\"eael-accordion-list\">\n\t\t\t\t\t<div id=\"sterreich-ungarn-polen\" class=\"elementor-tab-title eael-accordion-header\" tabindex=\"0\" data-tab=\"1\" aria-controls=\"elementor-tab-content-1731\"><span class=\"eael-accordion-tab-title\">Austria, Hungary, Poland<\/span><i aria-hidden=\"true\" class=\"fa-toggle fas fa-angle-right\"><\/i><\/div><div id=\"elementor-tab-content-1731\" class=\"eael-accordion-content clearfix\" data-tab=\"1\" aria-labelledby=\"sterreich-ungarn-polen\"><p><span style=\"color: #f08325\"><strong>BERNHARD ECKHARDT<\/strong><\/span><\/p><p>SALES AGENT<\/p><p>Eckhardt Linguistics e.U.<br \/>Karl-Schwarz Street 14<br \/>A-2632 Wimpassing im Schwarztale<\/p><p><a href=\"mailto:bernhard.eckhardt@cssbelts.de\">bernhard.eckhardt@cssbelts.de<\/a><\/p><\/div>\n\t\t\t\t\t<\/div><\/div>\t\t\t\t<\/div>\n\t\t\t\t<\/div>\n\t\t\t\t\t<\/div>\n\t\t<\/div>\n\t\t\t\t<div class=\"elementor-column elementor-col-33 elementor-inner-column elementor-element elementor-element-353479fb\" data-id=\"353479fb\" data-element_type=\"column\" data-e-type=\"column\">\n\t\t\t<div class=\"elementor-widget-wrap elementor-element-populated\">\n\t\t\t\t\t\t<div class=\"elementor-element elementor-element-3cc8850d elementor-widget elementor-widget-eael-adv-accordion\" data-id=\"3cc8850d\" data-element_type=\"widget\" data-e-type=\"widget\" data-widget_type=\"eael-adv-accordion.default\">\n\t\t\t\t<div class=\"elementor-widget-container\">\n\t\t\t\t\t            <div class=\"eael-adv-accordion\" id=\"eael-adv-accordion-3cc8850d\" data-scroll-on-click=\"no\" data-scroll-speed=\"300\" data-accordion-id=\"3cc8850d\" data-accordion-type=\"toggle\" data-toogle-speed=\"300\">\n            <div class=\"eael-accordion-list\">\n\t\t\t\t\t<div id=\"serbien-kroatien-slowenien-mazedonien-br-montenegro-bosnien-und-herzegowina\" class=\"elementor-tab-title eael-accordion-header\" tabindex=\"0\" data-tab=\"1\" aria-controls=\"elementor-tab-content-1011\"><span class=\"eael-accordion-tab-title\">Serbia, Croatia, Slovenia, Macedonia, <br> Montenegro, Bosnia and Herzegovina<\/span><i aria-hidden=\"true\" class=\"fa-toggle fas fa-angle-right\"><\/i><\/div><div id=\"elementor-tab-content-1011\" class=\"eael-accordion-content clearfix\" data-tab=\"1\" aria-labelledby=\"serbien-kroatien-slowenien-mazedonien-br-montenegro-bosnien-und-herzegowina\"><p><span style=\"color: #f08325\"><strong>SLOBODAN PETROVIC - CONVEY D.O.O.<\/strong><\/span><\/p><p>SALES REPRESENTATIVE<\/p><p>Mis Irbijeve 58<br \/>11050 Beograd<\/p><div>\u00a0<\/div><p>Phone: + 381 11 2830-420<br \/>Fax: + 381 11 2832-555<br \/><a href=\"mailto:select@eunet.rs\">select@eunet.rs<\/a><br \/><a title=\"Representation Ex-Yugoslavia\" href=\"http:\/\/www.convey.rs\/\">www.convey.rs<\/a><\/p><p>\u00a0<\/p><\/div>\n\t\t\t\t\t<\/div><\/div>\t\t\t\t<\/div>\n\t\t\t\t<\/div>\n\t\t\t\t\t<\/div>\n\t\t<\/div>\n\t\t\t\t<div class=\"elementor-column elementor-col-33 elementor-inner-column elementor-element elementor-element-5c971196\" data-id=\"5c971196\" data-element_type=\"column\" data-e-type=\"column\">\n\t\t\t<div class=\"elementor-widget-wrap elementor-element-populated\">\n\t\t\t\t\t\t<div class=\"elementor-element elementor-element-396e534e elementor-widget elementor-widget-eael-adv-accordion\" data-id=\"396e534e\" data-element_type=\"widget\" data-e-type=\"widget\" data-widget_type=\"eael-adv-accordion.default\">\n\t\t\t\t<div class=\"elementor-widget-container\">\n\t\t\t\t\t            <div class=\"eael-adv-accordion\" id=\"eael-adv-accordion-396e534e\" data-scroll-on-click=\"no\" data-scroll-speed=\"300\" data-accordion-id=\"396e534e\" data-accordion-type=\"toggle\" data-toogle-speed=\"300\">\n            <div class=\"eael-accordion-list\">\n\t\t\t\t\t<div id=\"ghana\" class=\"elementor-tab-title eael-accordion-header\" tabindex=\"0\" data-tab=\"1\" aria-controls=\"elementor-tab-content-9631\"><span class=\"eael-accordion-tab-title\">Ghana<\/span><i aria-hidden=\"true\" class=\"fa-toggle fas fa-angle-right\"><\/i><\/div><div id=\"elementor-tab-content-9631\" class=\"eael-accordion-content clearfix\" data-tab=\"1\" aria-labelledby=\"ghana\"><p><span style=\"color: #f08325\"><strong>CHRISTOPH SAUERLAND- ALPHA LIGNUM LTD. TIMBER AGENCY<\/strong><\/span><br \/>SALES REPRESENTATIVE<\/p><p><br \/>Phone: + 233 (0) 2 44 21 12 11<br \/>Mobile: + 49 (0) 160 3544686<br \/><a href=\"mailto:cs@alphalignum.com\">cs@alphalignum.com<\/a><\/p><p>\u00a0<\/p><\/div>\n\t\t\t\t\t<\/div><\/div>\t\t\t\t<\/div>\n\t\t\t\t<\/div>\n\t\t\t\t\t<\/div>\n\t\t<\/div>\n\t\t\t\t\t<\/div>\n\t\t<\/section>\n\t\t\t\t<div class=\"elementor-element elementor-element-22aca59b elementor-widget elementor-widget-spacer\" data-id=\"22aca59b\" data-element_type=\"widget\" data-e-type=\"widget\" data-widget_type=\"spacer.default\">\n\t\t\t\t<div class=\"elementor-widget-container\">\n\t\t\t\t\t\t\t<div class=\"elementor-spacer\">\n\t\t\t<div class=\"elementor-spacer-inner\"><\/div>\n\t\t<\/div>\n\t\t\t\t\t\t<\/div>\n\t\t\t\t<\/div>\n\t\t\t\t\t<\/div>\n\t\t<\/div>\n\t\t\t\t\t<\/div>\n\t\t<\/section>\n\t\t\t\t<\/div>","protected":false},"excerpt":{"rendered":"<p>Haben Sie Fragen? Wir sind jederzeit f\u00fcr Sie erreichbar! Kontaktieren Sie uns dort, wo Sie Hilfe ben\u00f6tigen: Deutschland CSS belts C.-S.-Schmidt-Stra\u00dfe 9D-56112 Lahnstein Tel.: +49 (0) 2621 \u2013 9694-0Fax: +49 (0) 2621 \u2013 9694-22info@cssbelts.de Schweiz LORIS BERTELLI SALES REPRESENTATIVE Via Mazzini, 7 13836 Cossato (Biella) \u00a0Tel.: + 39 (0) 015 921375Fax: + 39 (0) 015 [&hellip;]<\/p>\n","protected":false},"author":6,"featured_media":0,"parent":0,"menu_order":0,"comment_status":"closed","ping_status":"closed","template":"","meta":{"footnotes":""},"class_list":["post-1704","page","type-page","status-publish","hentry"],"yoast_head":"<!-- This site is optimized with the Yoast SEO plugin v27.3 - https:\/\/yoast.com\/product\/yoast-seo-wordpress\/ -->\n<title>CSS belts - Jetzt Kontakt aufnehmen!<\/title>\n<meta name=\"description\" content=\"Kontaktieren Sie uns wenn Sie von unserern effizienten L\u00f6sungen f\u00fcr die F\u00f6rder-und Architekturindustrie profitieren wollen. Jetzt anfragen!\" \/>\n<meta name=\"robots\" content=\"index, follow, max-snippet:-1, max-image-preview:large, max-video-preview:-1\" \/>\n<link rel=\"canonical\" href=\"https:\/\/cssbelts.de\/en\/kontakt\/\" \/>\n<meta property=\"og:locale\" content=\"en_US\" \/>\n<meta property=\"og:type\" content=\"article\" \/>\n<meta property=\"og:title\" content=\"CSS belts - Jetzt Kontakt aufnehmen!\" \/>\n<meta property=\"og:description\" content=\"Kontaktieren Sie uns wenn Sie von unserern effizienten L\u00f6sungen f\u00fcr die F\u00f6rder-und Architekturindustrie profitieren wollen. Jetzt anfragen!\" \/>\n<meta property=\"og:url\" content=\"https:\/\/cssbelts.de\/en\/kontakt\/\" \/>\n<meta property=\"og:site_name\" content=\"CSS belts\" \/>\n<meta property=\"article:modified_time\" content=\"2025-10-23T12:04:41+00:00\" \/>\n<meta name=\"twitter:card\" content=\"summary_large_image\" \/>\n<meta name=\"twitter:label1\" content=\"Est. reading time\" \/>\n\t<meta name=\"twitter:data1\" content=\"2 minutes\" \/>\n<script type=\"application\/ld+json\" class=\"yoast-schema-graph\">{\"@context\":\"https:\\\/\\\/schema.org\",\"@graph\":[{\"@type\":\"WebPage\",\"@id\":\"https:\\\/\\\/cssbelts.de\\\/kontakt\\\/\",\"url\":\"https:\\\/\\\/cssbelts.de\\\/kontakt\\\/\",\"name\":\"CSS belts - Jetzt Kontakt aufnehmen!\",\"isPartOf\":{\"@id\":\"https:\\\/\\\/cssbelts.de\\\/#website\"},\"datePublished\":\"2023-10-20T09:24:53+00:00\",\"dateModified\":\"2025-10-23T12:04:41+00:00\",\"description\":\"Kontaktieren Sie uns wenn Sie von unserern effizienten L\u00f6sungen f\u00fcr die F\u00f6rder-und Architekturindustrie profitieren wollen. Jetzt anfragen!\",\"breadcrumb\":{\"@id\":\"https:\\\/\\\/cssbelts.de\\\/kontakt\\\/#breadcrumb\"},\"inLanguage\":\"en-US\",\"potentialAction\":[{\"@type\":\"ReadAction\",\"target\":[\"https:\\\/\\\/cssbelts.de\\\/kontakt\\\/\"]}]},{\"@type\":\"BreadcrumbList\",\"@id\":\"https:\\\/\\\/cssbelts.de\\\/kontakt\\\/#breadcrumb\",\"itemListElement\":[{\"@type\":\"ListItem\",\"position\":1,\"name\":\"Home\",\"item\":\"https:\\\/\\\/cssbelts.de\\\/\"},{\"@type\":\"ListItem\",\"position\":2,\"name\":\"Kontakt\"}]},{\"@type\":\"WebSite\",\"@id\":\"https:\\\/\\\/cssbelts.de\\\/#website\",\"url\":\"https:\\\/\\\/cssbelts.de\\\/\",\"name\":\"CSS belts\",\"description\":\"Unsere individuell gefertigten Produkte erf&uuml;llen h&ouml;chste technische Anspr&uuml;che.\",\"publisher\":{\"@id\":\"https:\\\/\\\/cssbelts.de\\\/#organization\"},\"potentialAction\":[{\"@type\":\"SearchAction\",\"target\":{\"@type\":\"EntryPoint\",\"urlTemplate\":\"https:\\\/\\\/cssbelts.de\\\/?s={search_term_string}\"},\"query-input\":{\"@type\":\"PropertyValueSpecification\",\"valueRequired\":true,\"valueName\":\"search_term_string\"}}],\"inLanguage\":\"en-US\"},{\"@type\":\"Organization\",\"@id\":\"https:\\\/\\\/cssbelts.de\\\/#organization\",\"name\":\"CSS belts\",\"url\":\"https:\\\/\\\/cssbelts.de\\\/\",\"logo\":{\"@type\":\"ImageObject\",\"inLanguage\":\"en-US\",\"@id\":\"https:\\\/\\\/cssbelts.de\\\/#\\\/schema\\\/logo\\\/image\\\/\",\"url\":\"https:\\\/\\\/cssbelts.de\\\/wp-content\\\/uploads\\\/2025\\\/09\\\/cropped-MRT_Logo_RGB_Negativ_CSS-Belts-scaled-2.png\",\"contentUrl\":\"https:\\\/\\\/cssbelts.de\\\/wp-content\\\/uploads\\\/2025\\\/09\\\/cropped-MRT_Logo_RGB_Negativ_CSS-Belts-scaled-2.png\",\"width\":2560,\"height\":638,\"caption\":\"CSS belts\"},\"image\":{\"@id\":\"https:\\\/\\\/cssbelts.de\\\/#\\\/schema\\\/logo\\\/image\\\/\"}}]}<\/script>\n<!-- \/ Yoast SEO plugin. -->","yoast_head_json":{"title":"CSS belts - Get in touch now!","description":"Contact us if you want to benefit from our efficient solutions for the conveyor and architecture industry. Inquire now!","robots":{"index":"index","follow":"follow","max-snippet":"max-snippet:-1","max-image-preview":"max-image-preview:large","max-video-preview":"max-video-preview:-1"},"canonical":"https:\/\/cssbelts.de\/en\/kontakt\/","og_locale":"en_US","og_type":"article","og_title":"CSS belts - Jetzt Kontakt aufnehmen!","og_description":"Kontaktieren Sie uns wenn Sie von unserern effizienten L\u00f6sungen f\u00fcr die F\u00f6rder-und Architekturindustrie profitieren wollen. Jetzt anfragen!","og_url":"https:\/\/cssbelts.de\/en\/kontakt\/","og_site_name":"CSS belts","article_modified_time":"2025-10-23T12:04:41+00:00","twitter_card":"summary_large_image","twitter_misc":{"Est. reading time":"2 minutes"},"schema":{"@context":"https:\/\/schema.org","@graph":[{"@type":"WebPage","@id":"https:\/\/cssbelts.de\/kontakt\/","url":"https:\/\/cssbelts.de\/kontakt\/","name":"CSS belts - Get in touch now!","isPartOf":{"@id":"https:\/\/cssbelts.de\/#website"},"datePublished":"2023-10-20T09:24:53+00:00","dateModified":"2025-10-23T12:04:41+00:00","description":"Contact us if you want to benefit from our efficient solutions for the conveyor and architecture industry. Inquire now!","breadcrumb":{"@id":"https:\/\/cssbelts.de\/kontakt\/#breadcrumb"},"inLanguage":"en-US","potentialAction":[{"@type":"ReadAction","target":["https:\/\/cssbelts.de\/kontakt\/"]}]},{"@type":"BreadcrumbList","@id":"https:\/\/cssbelts.de\/kontakt\/#breadcrumb","itemListElement":[{"@type":"ListItem","position":1,"name":"Home","item":"https:\/\/cssbelts.de\/"},{"@type":"ListItem","position":2,"name":"Kontakt"}]},{"@type":"WebSite","@id":"https:\/\/cssbelts.de\/#website","url":"https:\/\/cssbelts.de\/","name":"CSS belts","description":"Our individually manufactured products meet the highest technical requirements.","publisher":{"@id":"https:\/\/cssbelts.de\/#organization"},"potentialAction":[{"@type":"SearchAction","target":{"@type":"EntryPoint","urlTemplate":"https:\/\/cssbelts.de\/?s={search_term_string}"},"query-input":{"@type":"PropertyValueSpecification","valueRequired":true,"valueName":"search_term_string"}}],"inLanguage":"en-US"},{"@type":"Organization","@id":"https:\/\/cssbelts.de\/#organization","name":"CSS belts","url":"https:\/\/cssbelts.de\/","logo":{"@type":"ImageObject","inLanguage":"en-US","@id":"https:\/\/cssbelts.de\/#\/schema\/logo\/image\/","url":"https:\/\/cssbelts.de\/wp-content\/uploads\/2025\/09\/cropped-MRT_Logo_RGB_Negativ_CSS-Belts-scaled-2.png","contentUrl":"https:\/\/cssbelts.de\/wp-content\/uploads\/2025\/09\/cropped-MRT_Logo_RGB_Negativ_CSS-Belts-scaled-2.png","width":2560,"height":638,"caption":"CSS belts"},"image":{"@id":"https:\/\/cssbelts.de\/#\/schema\/logo\/image\/"}}]}},"_links":{"self":[{"href":"https:\/\/cssbelts.de\/en\/wp-json\/wp\/v2\/pages\/1704","targetHints":{"allow":["GET"]}}],"collection":[{"href":"https:\/\/cssbelts.de\/en\/wp-json\/wp\/v2\/pages"}],"about":[{"href":"https:\/\/cssbelts.de\/en\/wp-json\/wp\/v2\/types\/page"}],"author":[{"embeddable":true,"href":"https:\/\/cssbelts.de\/en\/wp-json\/wp\/v2\/users\/6"}],"replies":[{"embeddable":true,"href":"https:\/\/cssbelts.de\/en\/wp-json\/wp\/v2\/comments?post=1704"}],"version-history":[{"count":35,"href":"https:\/\/cssbelts.de\/en\/wp-json\/wp\/v2\/pages\/1704\/revisions"}],"predecessor-version":[{"id":1970,"href":"https:\/\/cssbelts.de\/en\/wp-json\/wp\/v2\/pages\/1704\/revisions\/1970"}],"wp:attachment":[{"href":"https:\/\/cssbelts.de\/en\/wp-json\/wp\/v2\/media?parent=1704"}],"curies":[{"name":"wp","href":"https:\/\/api.w.org\/{rel}","templated":true}]}}