{"id":1572,"date":"2023-10-19T11:30:26","date_gmt":"2023-10-19T11:30:26","guid":{"rendered":"https:\/\/cssbelts.de\/?page_id=1572"},"modified":"2023-10-20T14:13:54","modified_gmt":"2023-10-20T14:13:54","slug":"downloads","status":"publish","type":"page","link":"https:\/\/cssbelts.de\/en\/downloads\/","title":{"rendered":"Downloads"},"content":{"rendered":"<div data-elementor-type=\"wp-page\" data-elementor-id=\"1572\" class=\"elementor elementor-1572\" data-elementor-post-type=\"page\">\n\t\t\t\t\t\t<section class=\"elementor-section elementor-top-section elementor-element elementor-element-3b8c0f5 elementor-section-boxed elementor-section-height-default elementor-section-height-default\" data-id=\"3b8c0f5\" data-element_type=\"section\" data-e-type=\"section\">\n\t\t\t\t\t\t<div class=\"elementor-container elementor-column-gap-default\">\n\t\t\t\t\t<div class=\"elementor-column elementor-col-100 elementor-top-column elementor-element elementor-element-e1c7927\" data-id=\"e1c7927\" data-element_type=\"column\" data-e-type=\"column\">\n\t\t\t<div class=\"elementor-widget-wrap elementor-element-populated\">\n\t\t\t\t\t\t<div class=\"elementor-element elementor-element-d291027 elementor-widget elementor-widget-heading\" data-id=\"d291027\" data-element_type=\"widget\" data-e-type=\"widget\" data-widget_type=\"heading.default\">\n\t\t\t\t<div class=\"elementor-widget-container\">\n\t\t\t\t\t<h1 class=\"elementor-heading-title elementor-size-default\">Downloads<\/h1>\t\t\t\t<\/div>\n\t\t\t\t<\/div>\n\t\t\t\t<section class=\"elementor-section elementor-inner-section elementor-element elementor-element-1335ed6 elementor-section-boxed elementor-section-height-default elementor-section-height-default\" data-id=\"1335ed6\" data-element_type=\"section\" data-e-type=\"section\">\n\t\t\t\t\t\t<div class=\"elementor-container elementor-column-gap-default\">\n\t\t\t\t\t<div class=\"elementor-column elementor-col-33 elementor-inner-column elementor-element elementor-element-a4ea4f9\" data-id=\"a4ea4f9\" data-element_type=\"column\" data-e-type=\"column\">\n\t\t\t<div class=\"elementor-widget-wrap elementor-element-populated\">\n\t\t\t\t\t\t<div class=\"elementor-element elementor-element-077f80f elementor-widget elementor-widget-image\" data-id=\"077f80f\" data-element_type=\"widget\" data-e-type=\"widget\" data-widget_type=\"image.default\">\n\t\t\t\t<div class=\"elementor-widget-container\">\n\t\t\t\t\t\t\t\t\t\t\t\t\t\t\t<img fetchpriority=\"high\" decoding=\"async\" width=\"595\" height=\"842\" src=\"https:\/\/cssbelts.de\/wp-content\/uploads\/2023\/10\/CSSbelts_Broschuere-allgemein_web.jpg\" class=\"attachment-large size-large wp-image-1577\" alt=\"CSSbelts_Brosch\u00fcre-allgemein\" srcset=\"https:\/\/cssbelts.de\/wp-content\/uploads\/2023\/10\/CSSbelts_Broschuere-allgemein_web.jpg 595w, https:\/\/cssbelts.de\/wp-content\/uploads\/2023\/10\/CSSbelts_Broschuere-allgemein_web-212x300.jpg 212w, https:\/\/cssbelts.de\/wp-content\/uploads\/2023\/10\/CSSbelts_Broschuere-allgemein_web-8x12.jpg 8w\" sizes=\"(max-width: 595px) 100vw, 595px\" \/>\t\t\t\t\t\t\t\t\t\t\t\t\t\t\t<\/div>\n\t\t\t\t<\/div>\n\t\t\t\t<div class=\"elementor-element elementor-element-7691511 elementor-widget elementor-widget-heading\" data-id=\"7691511\" data-element_type=\"widget\" data-e-type=\"widget\" data-widget_type=\"heading.default\">\n\t\t\t\t<div class=\"elementor-widget-container\">\n\t\t\t\t\t<h2 class=\"elementor-heading-title elementor-size-default\">Brochure wire belts <\/h2>\t\t\t\t<\/div>\n\t\t\t\t<\/div>\n\t\t\t\t<div class=\"elementor-element elementor-element-ee7cc65 elementor-widget elementor-widget-button\" data-id=\"ee7cc65\" data-element_type=\"widget\" data-e-type=\"widget\" data-widget_type=\"button.default\">\n\t\t\t\t<div class=\"elementor-widget-container\">\n\t\t\t\t\t\t\t\t\t<div class=\"elementor-button-wrapper\">\n\t\t\t\t\t<a class=\"elementor-button elementor-button-link elementor-size-sm\" href=\"https:\/\/cssbelts.de\/wp-content\/uploads\/2023\/10\/css-draht_broschuere_allgemein_2023-DE_web.pdf\" target=\"_blank\">\n\t\t\t\t\t\t<span class=\"elementor-button-content-wrapper\">\n\t\t\t\t\t\t\t\t\t<span class=\"elementor-button-text\">Download PDF (D)<\/span>\n\t\t\t\t\t<\/span>\n\t\t\t\t\t<\/a>\n\t\t\t\t<\/div>\n\t\t\t\t\t\t\t\t<\/div>\n\t\t\t\t<\/div>\n\t\t\t\t<div class=\"elementor-element elementor-element-f0b5f48 elementor-widget elementor-widget-button\" data-id=\"f0b5f48\" data-element_type=\"widget\" data-e-type=\"widget\" data-widget_type=\"button.default\">\n\t\t\t\t<div class=\"elementor-widget-container\">\n\t\t\t\t\t\t\t\t\t<div class=\"elementor-button-wrapper\">\n\t\t\t\t\t<a class=\"elementor-button elementor-button-link elementor-size-sm\" href=\"https:\/\/cssbelts.de\/wp-content\/uploads\/2023\/10\/css-draht_broschuere_allgemein_2023-EN_web.pdf\" target=\"_blank\">\n\t\t\t\t\t\t<span class=\"elementor-button-content-wrapper\">\n\t\t\t\t\t\t\t\t\t<span class=\"elementor-button-text\">Download PDF (E)<\/span>\n\t\t\t\t\t<\/span>\n\t\t\t\t\t<\/a>\n\t\t\t\t<\/div>\n\t\t\t\t\t\t\t\t<\/div>\n\t\t\t\t<\/div>\n\t\t\t\t\t<\/div>\n\t\t<\/div>\n\t\t\t\t<div class=\"elementor-column elementor-col-33 elementor-inner-column elementor-element elementor-element-d92b0b8\" data-id=\"d92b0b8\" data-element_type=\"column\" data-e-type=\"column\">\n\t\t\t<div class=\"elementor-widget-wrap elementor-element-populated\">\n\t\t\t\t\t\t<div class=\"elementor-element elementor-element-4a4bb53 elementor-widget elementor-widget-image\" data-id=\"4a4bb53\" data-element_type=\"widget\" data-e-type=\"widget\" data-widget_type=\"image.default\">\n\t\t\t\t<div class=\"elementor-widget-container\">\n\t\t\t\t\t\t\t\t\t\t\t\t\t\t\t<img decoding=\"async\" width=\"595\" height=\"842\" src=\"https:\/\/cssbelts.de\/wp-content\/uploads\/2023\/10\/CSSbelts_Broschuere-Lebensmittelindustrie_web.jpg\" class=\"attachment-large size-large wp-image-1578\" alt=\"CSSbelts_Brosch\u00fcre-Lebensmittelindustrie\" srcset=\"https:\/\/cssbelts.de\/wp-content\/uploads\/2023\/10\/CSSbelts_Broschuere-Lebensmittelindustrie_web.jpg 595w, https:\/\/cssbelts.de\/wp-content\/uploads\/2023\/10\/CSSbelts_Broschuere-Lebensmittelindustrie_web-212x300.jpg 212w, https:\/\/cssbelts.de\/wp-content\/uploads\/2023\/10\/CSSbelts_Broschuere-Lebensmittelindustrie_web-8x12.jpg 8w\" sizes=\"(max-width: 595px) 100vw, 595px\" \/>\t\t\t\t\t\t\t\t\t\t\t\t\t\t\t<\/div>\n\t\t\t\t<\/div>\n\t\t\t\t<div class=\"elementor-element elementor-element-df85484 elementor-widget elementor-widget-heading\" data-id=\"df85484\" data-element_type=\"widget\" data-e-type=\"widget\" data-widget_type=\"heading.default\">\n\t\t\t\t<div class=\"elementor-widget-container\">\n\t\t\t\t\t<h2 class=\"elementor-heading-title elementor-size-default\">Food industry brochure <\/h2>\t\t\t\t<\/div>\n\t\t\t\t<\/div>\n\t\t\t\t<div class=\"elementor-element elementor-element-23895cd elementor-widget elementor-widget-button\" data-id=\"23895cd\" data-element_type=\"widget\" data-e-type=\"widget\" data-widget_type=\"button.default\">\n\t\t\t\t<div class=\"elementor-widget-container\">\n\t\t\t\t\t\t\t\t\t<div class=\"elementor-button-wrapper\">\n\t\t\t\t\t<a class=\"elementor-button elementor-button-link elementor-size-sm\" href=\"https:\/\/cssbelts.de\/wp-content\/uploads\/2023\/10\/css-draht_broschuere_food-DE-2023-web.pdf\" target=\"_blank\">\n\t\t\t\t\t\t<span class=\"elementor-button-content-wrapper\">\n\t\t\t\t\t\t\t\t\t<span class=\"elementor-button-text\">Download PDF (D)<\/span>\n\t\t\t\t\t<\/span>\n\t\t\t\t\t<\/a>\n\t\t\t\t<\/div>\n\t\t\t\t\t\t\t\t<\/div>\n\t\t\t\t<\/div>\n\t\t\t\t<div class=\"elementor-element elementor-element-a645f86 elementor-widget elementor-widget-button\" data-id=\"a645f86\" data-element_type=\"widget\" data-e-type=\"widget\" data-widget_type=\"button.default\">\n\t\t\t\t<div class=\"elementor-widget-container\">\n\t\t\t\t\t\t\t\t\t<div class=\"elementor-button-wrapper\">\n\t\t\t\t\t<a class=\"elementor-button elementor-button-link elementor-size-sm\" href=\"https:\/\/cssbelts.de\/wp-content\/uploads\/2023\/10\/css-draht_broschuere_food-EN-2023_web.pdf\" target=\"_blank\">\n\t\t\t\t\t\t<span class=\"elementor-button-content-wrapper\">\n\t\t\t\t\t\t\t\t\t<span class=\"elementor-button-text\">Download PDF (E)<\/span>\n\t\t\t\t\t<\/span>\n\t\t\t\t\t<\/a>\n\t\t\t\t<\/div>\n\t\t\t\t\t\t\t\t<\/div>\n\t\t\t\t<\/div>\n\t\t\t\t\t<\/div>\n\t\t<\/div>\n\t\t\t\t<div class=\"elementor-column elementor-col-33 elementor-inner-column elementor-element elementor-element-f49d027\" data-id=\"f49d027\" data-element_type=\"column\" data-e-type=\"column\">\n\t\t\t<div class=\"elementor-widget-wrap elementor-element-populated\">\n\t\t\t\t\t\t<div class=\"elementor-element elementor-element-7240846 elementor-widget elementor-widget-image\" data-id=\"7240846\" data-element_type=\"widget\" data-e-type=\"widget\" data-widget_type=\"image.default\">\n\t\t\t\t<div class=\"elementor-widget-container\">\n\t\t\t\t\t\t\t\t\t\t\t\t\t\t\t<img decoding=\"async\" width=\"595\" height=\"842\" src=\"https:\/\/cssbelts.de\/wp-content\/uploads\/2023\/10\/CSSbelts_Broschuere-Holz-und-Furnierindustrie-1_web.jpg\" class=\"attachment-large size-large wp-image-1697\" alt=\"CSSbelts_Brosch\u00fcre-Holz- und Furnierindustrie\" srcset=\"https:\/\/cssbelts.de\/wp-content\/uploads\/2023\/10\/CSSbelts_Broschuere-Holz-und-Furnierindustrie-1_web.jpg 595w, https:\/\/cssbelts.de\/wp-content\/uploads\/2023\/10\/CSSbelts_Broschuere-Holz-und-Furnierindustrie-1_web-212x300.jpg 212w, https:\/\/cssbelts.de\/wp-content\/uploads\/2023\/10\/CSSbelts_Broschuere-Holz-und-Furnierindustrie-1_web-8x12.jpg 8w\" sizes=\"(max-width: 595px) 100vw, 595px\" \/>\t\t\t\t\t\t\t\t\t\t\t\t\t\t\t<\/div>\n\t\t\t\t<\/div>\n\t\t\t\t<div class=\"elementor-element elementor-element-84b83f1 elementor-widget elementor-widget-heading\" data-id=\"84b83f1\" data-element_type=\"widget\" data-e-type=\"widget\" data-widget_type=\"heading.default\">\n\t\t\t\t<div class=\"elementor-widget-container\">\n\t\t\t\t\t<h2 class=\"elementor-heading-title elementor-size-default\">Wood and veneer industry brochure<\/h2>\t\t\t\t<\/div>\n\t\t\t\t<\/div>\n\t\t\t\t<div class=\"elementor-element elementor-element-f55f252 elementor-widget elementor-widget-button\" data-id=\"f55f252\" data-element_type=\"widget\" data-e-type=\"widget\" data-widget_type=\"button.default\">\n\t\t\t\t<div class=\"elementor-widget-container\">\n\t\t\t\t\t\t\t\t\t<div class=\"elementor-button-wrapper\">\n\t\t\t\t\t<a class=\"elementor-button elementor-button-link elementor-size-sm\" href=\"https:\/\/cssbelts.de\/wp-content\/uploads\/2023\/10\/css-draht_einleger-Holz-und-Furnier-2023-web.pdf\" target=\"_blank\">\n\t\t\t\t\t\t<span class=\"elementor-button-content-wrapper\">\n\t\t\t\t\t\t\t\t\t<span class=\"elementor-button-text\">Download PDF (D)<\/span>\n\t\t\t\t\t<\/span>\n\t\t\t\t\t<\/a>\n\t\t\t\t<\/div>\n\t\t\t\t\t\t\t\t<\/div>\n\t\t\t\t<\/div>\n\t\t\t\t<div class=\"elementor-element elementor-element-d112161 elementor-widget elementor-widget-button\" data-id=\"d112161\" data-element_type=\"widget\" data-e-type=\"widget\" data-widget_type=\"button.default\">\n\t\t\t\t<div class=\"elementor-widget-container\">\n\t\t\t\t\t\t\t\t\t<div class=\"elementor-button-wrapper\">\n\t\t\t\t\t<a class=\"elementor-button elementor-button-link elementor-size-sm\" href=\"https:\/\/cssbelts.de\/wp-content\/uploads\/2023\/10\/css-draht_einleger-furnier-2023-EN-web.pdf\" target=\"_blank\">\n\t\t\t\t\t\t<span class=\"elementor-button-content-wrapper\">\n\t\t\t\t\t\t\t\t\t<span class=\"elementor-button-text\">Download PDF (E)<\/span>\n\t\t\t\t\t<\/span>\n\t\t\t\t\t<\/a>\n\t\t\t\t<\/div>\n\t\t\t\t\t\t\t\t<\/div>\n\t\t\t\t<\/div>\n\t\t\t\t\t<\/div>\n\t\t<\/div>\n\t\t\t\t\t<\/div>\n\t\t<\/section>\n\t\t\t\t\t<\/div>\n\t\t<\/div>\n\t\t\t\t\t<\/div>\n\t\t<\/section>\n\t\t\t\t<\/div>","protected":false},"excerpt":{"rendered":"<p>Downloads Brochure Wire belts Download PDF (D) Download PDF (E) Brochure Food industry Download PDF (D) Download PDF (E) Brochure Wood and veneer industry Download PDF (D) Download PDF (E)<\/p>","protected":false},"author":6,"featured_media":0,"parent":0,"menu_order":0,"comment_status":"closed","ping_status":"closed","template":"","meta":{"footnotes":""},"class_list":["post-1572","page","type-page","status-publish","hentry"],"yoast_head":"<!-- This site is optimized with the Yoast SEO plugin v27.3 - https:\/\/yoast.com\/product\/yoast-seo-wordpress\/ -->\n<title>Downloads - CSS belts<\/title>\n<meta name=\"description\" content=\"Erhalten Sie einen Einblick in unser Produktportfolio und laden Sie unsere Brosch\u00fcren \u00fcber Draht- und F\u00f6rdergurte herunter.\" \/>\n<meta name=\"robots\" content=\"index, follow, max-snippet:-1, max-image-preview:large, max-video-preview:-1\" \/>\n<link rel=\"canonical\" href=\"https:\/\/cssbelts.de\/en\/downloads\/\" \/>\n<meta property=\"og:locale\" content=\"en_US\" \/>\n<meta property=\"og:type\" content=\"article\" \/>\n<meta property=\"og:title\" content=\"Downloads - CSS belts\" \/>\n<meta property=\"og:description\" content=\"Erhalten Sie einen Einblick in unser Produktportfolio und laden Sie unsere Brosch\u00fcren \u00fcber Draht- und F\u00f6rdergurte herunter.\" \/>\n<meta property=\"og:url\" content=\"https:\/\/cssbelts.de\/en\/downloads\/\" \/>\n<meta property=\"og:site_name\" content=\"CSS belts\" \/>\n<meta property=\"article:modified_time\" content=\"2023-10-20T14:13:54+00:00\" \/>\n<meta property=\"og:image\" content=\"https:\/\/cssbelts.de\/wp-content\/uploads\/2023\/10\/CSSbelts_Broschuere-allgemein_web.jpg\" \/>\n<meta name=\"twitter:card\" content=\"summary_large_image\" \/>\n<meta name=\"twitter:label1\" content=\"Est. reading time\" \/>\n\t<meta name=\"twitter:data1\" content=\"1 minute\" \/>\n<script type=\"application\/ld+json\" class=\"yoast-schema-graph\">{\"@context\":\"https:\\\/\\\/schema.org\",\"@graph\":[{\"@type\":\"WebPage\",\"@id\":\"https:\\\/\\\/cssbelts.de\\\/downloads\\\/\",\"url\":\"https:\\\/\\\/cssbelts.de\\\/downloads\\\/\",\"name\":\"Downloads - CSS belts\",\"isPartOf\":{\"@id\":\"https:\\\/\\\/cssbelts.de\\\/#website\"},\"primaryImageOfPage\":{\"@id\":\"https:\\\/\\\/cssbelts.de\\\/downloads\\\/#primaryimage\"},\"image\":{\"@id\":\"https:\\\/\\\/cssbelts.de\\\/downloads\\\/#primaryimage\"},\"thumbnailUrl\":\"https:\\\/\\\/cssbelts.de\\\/wp-content\\\/uploads\\\/2023\\\/10\\\/CSSbelts_Broschuere-allgemein_web.jpg\",\"datePublished\":\"2023-10-19T11:30:26+00:00\",\"dateModified\":\"2023-10-20T14:13:54+00:00\",\"description\":\"Erhalten Sie einen Einblick in unser Produktportfolio und laden Sie unsere Brosch\u00fcren \u00fcber Draht- und F\u00f6rdergurte herunter.\",\"breadcrumb\":{\"@id\":\"https:\\\/\\\/cssbelts.de\\\/downloads\\\/#breadcrumb\"},\"inLanguage\":\"en-US\",\"potentialAction\":[{\"@type\":\"ReadAction\",\"target\":[\"https:\\\/\\\/cssbelts.de\\\/downloads\\\/\"]}]},{\"@type\":\"ImageObject\",\"inLanguage\":\"en-US\",\"@id\":\"https:\\\/\\\/cssbelts.de\\\/downloads\\\/#primaryimage\",\"url\":\"https:\\\/\\\/cssbelts.de\\\/wp-content\\\/uploads\\\/2023\\\/10\\\/CSSbelts_Broschuere-allgemein_web.jpg\",\"contentUrl\":\"https:\\\/\\\/cssbelts.de\\\/wp-content\\\/uploads\\\/2023\\\/10\\\/CSSbelts_Broschuere-allgemein_web.jpg\"},{\"@type\":\"BreadcrumbList\",\"@id\":\"https:\\\/\\\/cssbelts.de\\\/downloads\\\/#breadcrumb\",\"itemListElement\":[{\"@type\":\"ListItem\",\"position\":1,\"name\":\"Home\",\"item\":\"https:\\\/\\\/cssbelts.de\\\/\"},{\"@type\":\"ListItem\",\"position\":2,\"name\":\"Downloads\"}]},{\"@type\":\"WebSite\",\"@id\":\"https:\\\/\\\/cssbelts.de\\\/#website\",\"url\":\"https:\\\/\\\/cssbelts.de\\\/\",\"name\":\"CSS belts\",\"description\":\"Unsere individuell gefertigten Produkte erf&uuml;llen h&ouml;chste technische Anspr&uuml;che.\",\"publisher\":{\"@id\":\"https:\\\/\\\/cssbelts.de\\\/#organization\"},\"potentialAction\":[{\"@type\":\"SearchAction\",\"target\":{\"@type\":\"EntryPoint\",\"urlTemplate\":\"https:\\\/\\\/cssbelts.de\\\/?s={search_term_string}\"},\"query-input\":{\"@type\":\"PropertyValueSpecification\",\"valueRequired\":true,\"valueName\":\"search_term_string\"}}],\"inLanguage\":\"en-US\"},{\"@type\":\"Organization\",\"@id\":\"https:\\\/\\\/cssbelts.de\\\/#organization\",\"name\":\"CSS belts\",\"url\":\"https:\\\/\\\/cssbelts.de\\\/\",\"logo\":{\"@type\":\"ImageObject\",\"inLanguage\":\"en-US\",\"@id\":\"https:\\\/\\\/cssbelts.de\\\/#\\\/schema\\\/logo\\\/image\\\/\",\"url\":\"https:\\\/\\\/cssbelts.de\\\/wp-content\\\/uploads\\\/2025\\\/09\\\/cropped-MRT_Logo_RGB_Negativ_CSS-Belts-scaled-2.png\",\"contentUrl\":\"https:\\\/\\\/cssbelts.de\\\/wp-content\\\/uploads\\\/2025\\\/09\\\/cropped-MRT_Logo_RGB_Negativ_CSS-Belts-scaled-2.png\",\"width\":2560,\"height\":638,\"caption\":\"CSS belts\"},\"image\":{\"@id\":\"https:\\\/\\\/cssbelts.de\\\/#\\\/schema\\\/logo\\\/image\\\/\"}}]}<\/script>\n<!-- \/ Yoast SEO plugin. -->","yoast_head_json":{"title":"Downloads - CSS belts","description":"Get an insight into our product portfolio and download our brochures on wire and conveyor belts.","robots":{"index":"index","follow":"follow","max-snippet":"max-snippet:-1","max-image-preview":"max-image-preview:large","max-video-preview":"max-video-preview:-1"},"canonical":"https:\/\/cssbelts.de\/en\/downloads\/","og_locale":"en_US","og_type":"article","og_title":"Downloads - CSS belts","og_description":"Erhalten Sie einen Einblick in unser Produktportfolio und laden Sie unsere Brosch\u00fcren \u00fcber Draht- und F\u00f6rdergurte herunter.","og_url":"https:\/\/cssbelts.de\/en\/downloads\/","og_site_name":"CSS belts","article_modified_time":"2023-10-20T14:13:54+00:00","og_image":[{"url":"https:\/\/cssbelts.de\/wp-content\/uploads\/2023\/10\/CSSbelts_Broschuere-allgemein_web.jpg","type":"","width":"","height":""}],"twitter_card":"summary_large_image","twitter_misc":{"Est. reading time":"1 minute"},"schema":{"@context":"https:\/\/schema.org","@graph":[{"@type":"WebPage","@id":"https:\/\/cssbelts.de\/downloads\/","url":"https:\/\/cssbelts.de\/downloads\/","name":"Downloads - CSS belts","isPartOf":{"@id":"https:\/\/cssbelts.de\/#website"},"primaryImageOfPage":{"@id":"https:\/\/cssbelts.de\/downloads\/#primaryimage"},"image":{"@id":"https:\/\/cssbelts.de\/downloads\/#primaryimage"},"thumbnailUrl":"https:\/\/cssbelts.de\/wp-content\/uploads\/2023\/10\/CSSbelts_Broschuere-allgemein_web.jpg","datePublished":"2023-10-19T11:30:26+00:00","dateModified":"2023-10-20T14:13:54+00:00","description":"Get an insight into our product portfolio and download our brochures on wire and conveyor belts.","breadcrumb":{"@id":"https:\/\/cssbelts.de\/downloads\/#breadcrumb"},"inLanguage":"en-US","potentialAction":[{"@type":"ReadAction","target":["https:\/\/cssbelts.de\/downloads\/"]}]},{"@type":"ImageObject","inLanguage":"en-US","@id":"https:\/\/cssbelts.de\/downloads\/#primaryimage","url":"https:\/\/cssbelts.de\/wp-content\/uploads\/2023\/10\/CSSbelts_Broschuere-allgemein_web.jpg","contentUrl":"https:\/\/cssbelts.de\/wp-content\/uploads\/2023\/10\/CSSbelts_Broschuere-allgemein_web.jpg"},{"@type":"BreadcrumbList","@id":"https:\/\/cssbelts.de\/downloads\/#breadcrumb","itemListElement":[{"@type":"ListItem","position":1,"name":"Home","item":"https:\/\/cssbelts.de\/"},{"@type":"ListItem","position":2,"name":"Downloads"}]},{"@type":"WebSite","@id":"https:\/\/cssbelts.de\/#website","url":"https:\/\/cssbelts.de\/","name":"CSS belts","description":"Our individually manufactured products meet the highest technical requirements.","publisher":{"@id":"https:\/\/cssbelts.de\/#organization"},"potentialAction":[{"@type":"SearchAction","target":{"@type":"EntryPoint","urlTemplate":"https:\/\/cssbelts.de\/?s={search_term_string}"},"query-input":{"@type":"PropertyValueSpecification","valueRequired":true,"valueName":"search_term_string"}}],"inLanguage":"en-US"},{"@type":"Organization","@id":"https:\/\/cssbelts.de\/#organization","name":"CSS belts","url":"https:\/\/cssbelts.de\/","logo":{"@type":"ImageObject","inLanguage":"en-US","@id":"https:\/\/cssbelts.de\/#\/schema\/logo\/image\/","url":"https:\/\/cssbelts.de\/wp-content\/uploads\/2025\/09\/cropped-MRT_Logo_RGB_Negativ_CSS-Belts-scaled-2.png","contentUrl":"https:\/\/cssbelts.de\/wp-content\/uploads\/2025\/09\/cropped-MRT_Logo_RGB_Negativ_CSS-Belts-scaled-2.png","width":2560,"height":638,"caption":"CSS belts"},"image":{"@id":"https:\/\/cssbelts.de\/#\/schema\/logo\/image\/"}}]}},"_links":{"self":[{"href":"https:\/\/cssbelts.de\/en\/wp-json\/wp\/v2\/pages\/1572","targetHints":{"allow":["GET"]}}],"collection":[{"href":"https:\/\/cssbelts.de\/en\/wp-json\/wp\/v2\/pages"}],"about":[{"href":"https:\/\/cssbelts.de\/en\/wp-json\/wp\/v2\/types\/page"}],"author":[{"embeddable":true,"href":"https:\/\/cssbelts.de\/en\/wp-json\/wp\/v2\/users\/6"}],"replies":[{"embeddable":true,"href":"https:\/\/cssbelts.de\/en\/wp-json\/wp\/v2\/comments?post=1572"}],"version-history":[{"count":44,"href":"https:\/\/cssbelts.de\/en\/wp-json\/wp\/v2\/pages\/1572\/revisions"}],"predecessor-version":[{"id":1842,"href":"https:\/\/cssbelts.de\/en\/wp-json\/wp\/v2\/pages\/1572\/revisions\/1842"}],"wp:attachment":[{"href":"https:\/\/cssbelts.de\/en\/wp-json\/wp\/v2\/media?parent=1572"}],"curies":[{"name":"wp","href":"https:\/\/api.w.org\/{rel}","templated":true}]}}